{"id":5461,"date":"2002-09-09T00:00:00","date_gmt":"2002-09-09T00:00:00","guid":{"rendered":"https:\/\/miners.rocks\/product\/jaspis-suedafrika\/"},"modified":"2020-05-19T17:04:27","modified_gmt":"2020-05-19T17:04:27","slug":"jaspis-afrique-du-sud","status":"publish","type":"product","link":"https:\/\/westgem.shop\/fr\/produit\/jaspis-afrique-du-sud\/","title":{"rendered":"JASPIS - AFRIQUE DU SUD"},"content":{"rendered":"<p>Pierre brute de 1,5 kilogramme ORANGE RIVER Jaspis<\/p>\n<p>Rouge intense, avec des AIGNES en quartz blanc<\/p>\n<p>On le trouve dans la r\u00e9gion d'ORANGE RIVER en AFRIQUE du Sud.<\/p>\n<p>Dimensions : 12 x 10 x 9 cm Poids : 1,43 kilogramme<\/p>\n<p>SUPER PRIX !<\/p>","protected":false},"excerpt":{"rendered":"<p>Pierre brute de 1,5 kilogramme ORANGE RIVER Jaspe rouge intense, parsem\u00e9 d'ADERNES de quartz blanc Trouv\u00e9e dans la r\u00e9gion d'ORANGE RIVER au sud de l'AFRIQUE Dimensions : 12 x 10 x 9 cm Poids : 1,43 kilogramme SUPER PRIX !<\/p>","protected":false},"featured_media":5462,"template":"","meta":{"_acf_changed":false},"region":[],"product_brand":[],"product_cat":[15],"product_tag":[],"class_list":{"0":"post-5461","1":"product","2":"type-product","3":"status-publish","4":"has-post-thumbnail","6":"product_cat-mineralien","8":"first","9":"outofstock","10":"sold-individually","11":"product-type-simple"},"acf":[],"_links":{"self":[{"href":"https:\/\/westgem.shop\/fr\/wp-json\/wp\/v2\/product\/5461","targetHints":{"allow":["GET"]}}],"collection":[{"href":"https:\/\/westgem.shop\/fr\/wp-json\/wp\/v2\/product"}],"about":[{"href":"https:\/\/westgem.shop\/fr\/wp-json\/wp\/v2\/types\/product"}],"wp:featuredmedia":[{"embeddable":true,"href":"https:\/\/westgem.shop\/fr\/wp-json\/wp\/v2\/media\/5462"}],"wp:attachment":[{"href":"https:\/\/westgem.shop\/fr\/wp-json\/wp\/v2\/media?parent=5461"}],"wp:term":[{"taxonomy":"region","embeddable":true,"href":"https:\/\/westgem.shop\/fr\/wp-json\/wp\/v2\/region?post=5461"},{"taxonomy":"product_brand","embeddable":true,"href":"https:\/\/westgem.shop\/fr\/wp-json\/wp\/v2\/product_brand?post=5461"},{"taxonomy":"product_cat","embeddable":true,"href":"https:\/\/westgem.shop\/fr\/wp-json\/wp\/v2\/product_cat?post=5461"},{"taxonomy":"product_tag","embeddable":true,"href":"https:\/\/westgem.shop\/fr\/wp-json\/wp\/v2\/product_tag?post=5461"}],"curies":[{"name":"wp","href":"https:\/\/api.w.org\/{rel}","templated":true}]}}