{"id":5466,"date":"2002-09-10T00:00:00","date_gmt":"2002-09-10T00:00:00","guid":{"rendered":"https:\/\/miners.rocks\/product\/achat-uruguay-2\/"},"modified":"2020-05-19T17:04:27","modified_gmt":"2020-05-19T17:04:27","slug":"achat-uruguay-2","status":"publish","type":"product","link":"https:\/\/westgem.shop\/fr\/produit\/achat-uruguay-2\/","title":{"rendered":"ACHAT - URUGUAY"},"content":{"rendered":"<p>Grande moiti\u00e9 d'ACHATKNOLLEN - face POLIE<\/p>\n<p>avec surface de pose sci\u00e9e - COULEUR NATURELLE ! Cavit\u00e9 int\u00e9rieure avec structures en forme de grappe et petits quartz scintillants xx<\/p>\n<p>Superbe d\u00e9coration pour un bureau ou un panneau de salon.<\/p>\n<p>Poids : 2,9 kilogrammes Dim' : 16 x 13 x 10 cm<\/p>\n<p>la derni\u00e8re photo est le dos<\/p>\n<p>localisation de la trouvaille : ARTIGAS - URUGUAY<\/p>\n<p>SUPER PRIX !<\/p>","protected":false},"excerpt":{"rendered":"<p>Grande moiti\u00e9 d'ACHATS NOLLES - face avant POLIE avec base sci\u00e9e - COULEUR NATURELLE ! Cavit\u00e9 int\u00e9rieure avec structures en forme de grappes et petits quartz scintillants xx Superbe d\u00e9coration pour un bureau ou un panneau de salon. Poids : 2,9 kilogrammes Dim.' : 16 x 13 x 10 cm la derni\u00e8re photo est le verso Lieu de d\u00e9couverte : ARTIGAS - URUGUAY SUPER PRIX !<\/p>","protected":false},"featured_media":5467,"template":"","meta":{"_acf_changed":false},"region":[],"product_brand":[],"product_cat":[15],"product_tag":[],"class_list":{"0":"post-5466","1":"product","2":"type-product","3":"status-publish","4":"has-post-thumbnail","6":"product_cat-mineralien","8":"first","9":"outofstock","10":"sold-individually","11":"product-type-simple"},"acf":[],"_links":{"self":[{"href":"https:\/\/westgem.shop\/fr\/wp-json\/wp\/v2\/product\/5466","targetHints":{"allow":["GET"]}}],"collection":[{"href":"https:\/\/westgem.shop\/fr\/wp-json\/wp\/v2\/product"}],"about":[{"href":"https:\/\/westgem.shop\/fr\/wp-json\/wp\/v2\/types\/product"}],"wp:featuredmedia":[{"embeddable":true,"href":"https:\/\/westgem.shop\/fr\/wp-json\/wp\/v2\/media\/5467"}],"wp:attachment":[{"href":"https:\/\/westgem.shop\/fr\/wp-json\/wp\/v2\/media?parent=5466"}],"wp:term":[{"taxonomy":"region","embeddable":true,"href":"https:\/\/westgem.shop\/fr\/wp-json\/wp\/v2\/region?post=5466"},{"taxonomy":"product_brand","embeddable":true,"href":"https:\/\/westgem.shop\/fr\/wp-json\/wp\/v2\/product_brand?post=5466"},{"taxonomy":"product_cat","embeddable":true,"href":"https:\/\/westgem.shop\/fr\/wp-json\/wp\/v2\/product_cat?post=5466"},{"taxonomy":"product_tag","embeddable":true,"href":"https:\/\/westgem.shop\/fr\/wp-json\/wp\/v2\/product_tag?post=5466"}],"curies":[{"name":"wp","href":"https:\/\/api.w.org\/{rel}","templated":true}]}}