{"id":5471,"date":"2002-09-11T00:00:00","date_gmt":"2002-09-11T00:00:00","guid":{"rendered":"https:\/\/miners.rocks\/product\/dravit-xx-typlokalitaet\/"},"modified":"2020-05-19T17:04:28","modified_gmt":"2020-05-19T17:04:28","slug":"dravit-xx-localite-de-type","status":"publish","type":"product","link":"https:\/\/westgem.shop\/fr\/produit\/dravit-xx-localite-de-type\/","title":{"rendered":"DRAVIT xx - Localit\u00e9 type"},"content":{"rendered":"<p>\n\tDRAVIT Niveau de la localit\u00e9 type<\/p>\n<p>\n\tDobrova - Dravograd Unterdrauburg - R\u00e9p. de SLOV\u00c9NIE<\/p>\n<p>\n\tNous avons inclus ces pi\u00e8ces dans les min\u00e9raux de Carinthie, car \u00e0 l'\u00e9poque de la premi\u00e8re description, en 1883, par le professeur Tschermak, le site se trouvait en Carinthie. Plus tard, apr\u00e8s 1918, la Yougoslavie, puis la SLOV\u00c9NIE.<\/p>\n<p>\n\tDRAVITE sont des TURMALINES de magn\u00e9sium - nom d'apr\u00e8s le DRAU Flu\ufb02 - Slow. DRAVE.<\/p>\n<p>\n\tDepuis 40 ans, AUCUNE d\u00e9couverte de la localit\u00e9 type.<\/p>\n<p>\n\tPoids : 1.1 kilogramme Dimensions : 16 x 9 x 8 cm<\/p>\n<p>\n\tDe nombreux cristaux DRAVIT dans une pierre MUSCOVIT GLIMMER blanche et argent\u00e9e brillante.<\/p>","protected":false},"excerpt":{"rendered":"<p>DRAVIT Niveau de la localit\u00e9 type de Dobrova - Dravograd Unterdrauburg - Rep. SLOV\u00c9NIE Nous avons inclus ces pi\u00e8ces dans les min\u00e9raux de Carinthie, car au moment de la premi\u00e8re description, en 1883, par le professeur Tschermak, la localit\u00e9 \u00e9tait en Carinthie. Plus tard, apr\u00e8s 1918, la Yougoslavie et plus tard la SLOV\u00c9NIE. Les DRAVITES sont des TURMALINES de magn\u00e9sium - nom d'apr\u00e8s le DRAU Flu\ufb02 - [...].<\/p>","protected":false},"featured_media":5472,"template":"","meta":{"_acf_changed":false},"region":[],"product_brand":[],"product_cat":[15],"product_tag":[],"class_list":{"0":"post-5471","1":"product","2":"type-product","3":"status-publish","4":"has-post-thumbnail","6":"product_cat-mineralien","8":"first","9":"outofstock","10":"sold-individually","11":"product-type-simple"},"acf":[],"_links":{"self":[{"href":"https:\/\/westgem.shop\/fr\/wp-json\/wp\/v2\/product\/5471","targetHints":{"allow":["GET"]}}],"collection":[{"href":"https:\/\/westgem.shop\/fr\/wp-json\/wp\/v2\/product"}],"about":[{"href":"https:\/\/westgem.shop\/fr\/wp-json\/wp\/v2\/types\/product"}],"wp:featuredmedia":[{"embeddable":true,"href":"https:\/\/westgem.shop\/fr\/wp-json\/wp\/v2\/media\/5472"}],"wp:attachment":[{"href":"https:\/\/westgem.shop\/fr\/wp-json\/wp\/v2\/media?parent=5471"}],"wp:term":[{"taxonomy":"region","embeddable":true,"href":"https:\/\/westgem.shop\/fr\/wp-json\/wp\/v2\/region?post=5471"},{"taxonomy":"product_brand","embeddable":true,"href":"https:\/\/westgem.shop\/fr\/wp-json\/wp\/v2\/product_brand?post=5471"},{"taxonomy":"product_cat","embeddable":true,"href":"https:\/\/westgem.shop\/fr\/wp-json\/wp\/v2\/product_cat?post=5471"},{"taxonomy":"product_tag","embeddable":true,"href":"https:\/\/westgem.shop\/fr\/wp-json\/wp\/v2\/product_tag?post=5471"}],"curies":[{"name":"wp","href":"https:\/\/api.w.org\/{rel}","templated":true}]}}