{"id":548,"date":"2000-03-04T00:00:00","date_gmt":"2000-03-04T00:00:00","guid":{"rendered":"https:\/\/miners.rocks\/product\/100\/"},"modified":"2020-05-19T16:55:41","modified_gmt":"2020-05-19T16:55:41","slug":"huettenberger-amethyste-xx-sur-siderite-xx","status":"publish","type":"product","link":"https:\/\/westgem.shop\/fr\/produit\/huettenberger-amethyste-xx-sur-siderite-xx\/","title":{"rendered":"Am\u00e9thyste de H\u00fcttenberg xx sur sid\u00e9rite xx"},"content":{"rendered":"<p>Une raret\u00e9 absolue - des cristaux de quartz sur de la calc\u00e9doine bleu pigeon et du minerai de fer sid\u00e9rite. Le nom d'am\u00e9thyste n'est en fait pas correct, car la calc\u00e9doine bleue sur laquelle les cristaux de quartz ont pouss\u00e9 transpara\u00eet et donne ainsi une couleur semblable \u00e0 l'am\u00e9thyste. Ce nom s'est impos\u00e9 \u00e0 l'\u00e9poque chez les mineurs.<\/p>\n<p>Cette pi\u00e8ce provient du niveau 58. La mine a \u00e9t\u00e9 ferm\u00e9e en 1977 et n'est plus accessible depuis.<\/p>\n<p>Poids . 1,1 kg .  Dimensions : 14 x 10 x 6 cm              <\/p>","protected":false},"excerpt":{"rendered":"<p>Une raret\u00e9 absolue - des cristaux de quartz sur de la calc\u00e9doine bleu pigeon et du minerai de fer sid\u00e9rite. Le nom d'am\u00e9thyste n'est en fait pas correct, car la calc\u00e9doine bleue sur laquelle les cristaux de quartz ont pouss\u00e9 transpara\u00eet et donne ainsi une couleur semblable \u00e0 l'am\u00e9thyste. Ce nom s'est impos\u00e9 \u00e0 l'\u00e9poque chez les mineurs.<\/p>","protected":false},"featured_media":549,"template":"","meta":{"_acf_changed":false},"region":[],"product_brand":[],"product_cat":[15],"product_tag":[],"class_list":{"0":"post-548","1":"product","2":"type-product","3":"status-publish","4":"has-post-thumbnail","6":"product_cat-mineralien","8":"first","9":"outofstock","10":"sold-individually","11":"product-type-simple"},"acf":[],"_links":{"self":[{"href":"https:\/\/westgem.shop\/fr\/wp-json\/wp\/v2\/product\/548","targetHints":{"allow":["GET"]}}],"collection":[{"href":"https:\/\/westgem.shop\/fr\/wp-json\/wp\/v2\/product"}],"about":[{"href":"https:\/\/westgem.shop\/fr\/wp-json\/wp\/v2\/types\/product"}],"wp:featuredmedia":[{"embeddable":true,"href":"https:\/\/westgem.shop\/fr\/wp-json\/wp\/v2\/media\/549"}],"wp:attachment":[{"href":"https:\/\/westgem.shop\/fr\/wp-json\/wp\/v2\/media?parent=548"}],"wp:term":[{"taxonomy":"region","embeddable":true,"href":"https:\/\/westgem.shop\/fr\/wp-json\/wp\/v2\/region?post=548"},{"taxonomy":"product_brand","embeddable":true,"href":"https:\/\/westgem.shop\/fr\/wp-json\/wp\/v2\/product_brand?post=548"},{"taxonomy":"product_cat","embeddable":true,"href":"https:\/\/westgem.shop\/fr\/wp-json\/wp\/v2\/product_cat?post=548"},{"taxonomy":"product_tag","embeddable":true,"href":"https:\/\/westgem.shop\/fr\/wp-json\/wp\/v2\/product_tag?post=548"}],"curies":[{"name":"wp","href":"https:\/\/api.w.org\/{rel}","templated":true}]}}