{"id":5488,"date":"2011-09-15T00:00:00","date_gmt":"2011-09-15T00:00:00","guid":{"rendered":"https:\/\/miners.rocks\/product\/bergkristall-xx-titanit-xx-periklin-xx\/"},"modified":"2024-02-03T07:50:27","modified_gmt":"2024-02-03T07:50:27","slug":"cristal-de-roche-xx-titanite-xx-pericline-xx","status":"publish","type":"product","link":"https:\/\/westgem.shop\/fr\/produit\/cristal-de-roche-xx-titanite-xx-pericline-xx\/","title":{"rendered":"CRISTAL DE MONTAGNE xx TITANITE xx PERIKLIN xx"},"content":{"rendered":"<p><strong>SUPERSTUFE de AUERNIG (2.130m) - MALLNITZ - HOHE TAUERN - Carinthie<\/strong><\/p>\n<p>C\u00e9l\u00e8bre site de CRISTAL DE MONTAGNE .<\/p>\n<p><strong>CRISTALE DE MONTAGNE, claire, transparente - croissance d\u00e9sordonn\u00e9e sur un niveau de fissures avec cristaux verts de TITANITE (SPHEN) et blancs de PERIKLIN xx<\/strong><\/p>\n<p>Les marches en CRISTAL DE MONTAGNE de haute altitude sont HAUTEMENT CONSERV\u00c9ES mais malheureusement rares \u00e0 trouver !<\/p>\n<p>\u00c9TAPE DE HAUTE ALPINE de premi\u00e8re qualit\u00e9 avec d'excellents cristaux de TITANITE et de PERIKLIN- FELDSPAT xx sur des ARCHITECTES DE TAUREAU vert gris\u00e2tre.<\/p>\n<p>- Poids : <strong>1,4 kilogramme<\/strong><\/p>\n<p>Dimensions : 17 x 10 x 10 cm xx \u00e0 3 cm<\/p>\n<p>Avec surface de tronc sci\u00e9e<\/p>","protected":false},"excerpt":{"rendered":"<p>SUPERSTUFE de AUERNIG (2.130m) - MALLNITZ - HOHE TAUERN - Carinthie C\u00e9l\u00e8bre site de CRISTAL DE MONTAGNE . CRISTAL DE MONTAGNE, clair, transparent - pouss\u00e9 en d\u00e9sordre sur un niveau de fissure avec des cristaux verts de TITANITE (SPHEN) et des cristaux blancs de PERIKLIN xx Les niveaux de CRISTAL DE MONTAGNE - SPHEN sont HAUTEMENT CONSERV\u00c9S mais malheureusement rares \u00e0 trouver ! \u00c9TAPE DE HAUTE ALPINE de premi\u00e8re qualit\u00e9 avec d'excellents cristaux de TITANITE et de PERIKLIN [...].<\/p>","protected":false},"featured_media":5489,"template":"","meta":{"_acf_changed":false},"region":[],"product_brand":[],"product_cat":[22,19],"product_tag":[],"class_list":{"0":"post-5488","1":"product","2":"type-product","3":"status-publish","4":"has-post-thumbnail","6":"product_cat-allgemein","7":"product_cat-kristallstufen","9":"first","10":"outofstock","11":"sold-individually","12":"product-type-simple"},"acf":[],"_links":{"self":[{"href":"https:\/\/westgem.shop\/fr\/wp-json\/wp\/v2\/product\/5488","targetHints":{"allow":["GET"]}}],"collection":[{"href":"https:\/\/westgem.shop\/fr\/wp-json\/wp\/v2\/product"}],"about":[{"href":"https:\/\/westgem.shop\/fr\/wp-json\/wp\/v2\/types\/product"}],"wp:featuredmedia":[{"embeddable":true,"href":"https:\/\/westgem.shop\/fr\/wp-json\/wp\/v2\/media\/5489"}],"wp:attachment":[{"href":"https:\/\/westgem.shop\/fr\/wp-json\/wp\/v2\/media?parent=5488"}],"wp:term":[{"taxonomy":"region","embeddable":true,"href":"https:\/\/westgem.shop\/fr\/wp-json\/wp\/v2\/region?post=5488"},{"taxonomy":"product_brand","embeddable":true,"href":"https:\/\/westgem.shop\/fr\/wp-json\/wp\/v2\/product_brand?post=5488"},{"taxonomy":"product_cat","embeddable":true,"href":"https:\/\/westgem.shop\/fr\/wp-json\/wp\/v2\/product_cat?post=5488"},{"taxonomy":"product_tag","embeddable":true,"href":"https:\/\/westgem.shop\/fr\/wp-json\/wp\/v2\/product_tag?post=5488"}],"curies":[{"name":"wp","href":"https:\/\/api.w.org\/{rel}","templated":true}]}}