{"id":5493,"date":"2002-09-16T00:00:00","date_gmt":"2002-09-16T00:00:00","guid":{"rendered":"https:\/\/miners.rocks\/product\/versteinerter-baumfarn-scheibe\/"},"modified":"2020-05-19T17:04:30","modified_gmt":"2020-05-19T17:04:30","slug":"fougere-arborescente-petrifiee-disque","status":"publish","type":"product","link":"https:\/\/westgem.shop\/fr\/produit\/fougere-arborescente-petrifiee-disque\/","title":{"rendered":"FOURRE D'ARBRE p\u00e9trifi\u00e9e - Disque"},"content":{"rendered":"<p>Belle tranche compl\u00e8te AVEC \u00e9corce compl\u00e8te - polie des deux c\u00f4t\u00e9s.<\/p>\n<p>TITEA SINGULARIS - FOUG\u00c8RE ARBORESCENTE<\/p>\n<p>Les COULEURS et les PALMES sont plut\u00f4t consid\u00e9r\u00e9es comme des RARIT\u00c9S chez les CAVEAUX VERTIFI\u00c9S.<\/p>\n<p>Les FARES sont reconnaissables \u00e0 leurs CONDUCTEURS bien visibles au milieu du tronc. Ces syst\u00e8mes de tubes permettaient \u00e0 ces arbres de transporter l'eau des racines vers les branches. Dans ce morceau, c'est tr\u00e8s clair et bien visible.<\/p>\n<p>\u00c2ge des foug\u00e8res 250-275 millions d'ann\u00e9es<\/p>\n<p>localisation de la trouvaille : Araguano Petrified Forest - NORD BRESIL<\/p>\n<p>Superbe disque : Poids : 580 g Dimensions : 22 x 16 cm<\/p>","protected":false},"excerpt":{"rendered":"<p>Belle tranche compl\u00e8te avec \u00e9corce compl\u00e8te - polie des deux c\u00f4t\u00e9s. TITEA SINGULARIS - FEUILLES D'ARBRE Les FEUILLES et les PALMIERS sont plut\u00f4t consid\u00e9r\u00e9s comme des RARIT\u00c9S parmi les CERVEAUX POLIQUES. Les FEUILLES sont reconnaissables \u00e0 la pr\u00e9sence d'\u00e9pines conductrices bien visibles au milieu du tronc. Ces syst\u00e8mes de tubes permettaient \u00e0 ces arbres de transporter l'eau des racines vers les branches. Dans cette pi\u00e8ce, tr\u00e8s clairement [...]<\/p>","protected":false},"featured_media":5494,"template":"","meta":{"_acf_changed":false},"region":[],"product_brand":[],"product_cat":[15],"product_tag":[],"class_list":{"0":"post-5493","1":"product","2":"type-product","3":"status-publish","4":"has-post-thumbnail","6":"product_cat-mineralien","8":"first","9":"outofstock","10":"sold-individually","11":"product-type-simple"},"acf":[],"_links":{"self":[{"href":"https:\/\/westgem.shop\/fr\/wp-json\/wp\/v2\/product\/5493","targetHints":{"allow":["GET"]}}],"collection":[{"href":"https:\/\/westgem.shop\/fr\/wp-json\/wp\/v2\/product"}],"about":[{"href":"https:\/\/westgem.shop\/fr\/wp-json\/wp\/v2\/types\/product"}],"wp:featuredmedia":[{"embeddable":true,"href":"https:\/\/westgem.shop\/fr\/wp-json\/wp\/v2\/media\/5494"}],"wp:attachment":[{"href":"https:\/\/westgem.shop\/fr\/wp-json\/wp\/v2\/media?parent=5493"}],"wp:term":[{"taxonomy":"region","embeddable":true,"href":"https:\/\/westgem.shop\/fr\/wp-json\/wp\/v2\/region?post=5493"},{"taxonomy":"product_brand","embeddable":true,"href":"https:\/\/westgem.shop\/fr\/wp-json\/wp\/v2\/product_brand?post=5493"},{"taxonomy":"product_cat","embeddable":true,"href":"https:\/\/westgem.shop\/fr\/wp-json\/wp\/v2\/product_cat?post=5493"},{"taxonomy":"product_tag","embeddable":true,"href":"https:\/\/westgem.shop\/fr\/wp-json\/wp\/v2\/product_tag?post=5493"}],"curies":[{"name":"wp","href":"https:\/\/api.w.org\/{rel}","templated":true}]}}