{"id":5497,"date":"2002-09-17T00:00:00","date_gmt":"2002-09-17T00:00:00","guid":{"rendered":"https:\/\/miners.rocks\/product\/titea-singularis-versteinertes-holz\/"},"modified":"2020-05-19T17:04:32","modified_gmt":"2020-05-19T17:04:32","slug":"titea-singularis-bois-petrifie","status":"publish","type":"product","link":"https:\/\/westgem.shop\/fr\/produit\/titea-singularis-bois-petrifie\/","title":{"rendered":"TITEA SINGULARIS - BOIS P\u00c9TRIFI\u00c9"},"content":{"rendered":"<p>PIERRE D'ARGENT - ASTEROLITE - PIERRE DE VERRE sont \u00e9galement des noms pour les CAVEAUX PIERREUX du genre : FOULE D'ARGENT<\/p>\n<p>Lat. Nom TITEA SINGULARIS<\/p>\n<p>environ 275 millions d'ann\u00e9es<\/p>\n<p>Belle ARBRE DE BASE compl\u00e8te avec \u00e9corce !<\/p>\n<p>Poids : 920 g Dimensions : 14,5 x 12,5 cm \u00c9paisseur : jusqu'\u00e0 4 cm <\/p>\n<p>Polie d'un c\u00f4t\u00e9 !<\/p>\n<p>localisation de la trouvaille : ARAGUANO Petrified Forest - NORD BRESIL<\/p>","protected":false},"excerpt":{"rendered":"<p>PIERRE D'\u00c9TOILE - ASTEROLITE - PIERRE DE VERRE sont \u00e9galement des noms pour les CAVEAUX PERCUSS\u00c9S du genre : FOUILLE D'ARBRE Lat. Nom TITEA SINGULARIS env. 275 millions d'ann\u00e9es. Belle DISQUE TIGE compl\u00e8te avec \u00e9corce ! Poids : 920 g Dimensions : 14,5 x 12,5 cm Epaisseur : jusqu'\u00e0 4 cm Polie sur une face ! localisation de la trouvaille : ARAGUANO Petrified Forest - NORD BRESIL<\/p>","protected":false},"featured_media":5498,"template":"","meta":{"_acf_changed":false},"region":[],"product_brand":[],"product_cat":[15],"product_tag":[],"class_list":{"0":"post-5497","1":"product","2":"type-product","3":"status-publish","4":"has-post-thumbnail","6":"product_cat-mineralien","8":"first","9":"outofstock","10":"sold-individually","11":"product-type-simple"},"acf":[],"_links":{"self":[{"href":"https:\/\/westgem.shop\/fr\/wp-json\/wp\/v2\/product\/5497","targetHints":{"allow":["GET"]}}],"collection":[{"href":"https:\/\/westgem.shop\/fr\/wp-json\/wp\/v2\/product"}],"about":[{"href":"https:\/\/westgem.shop\/fr\/wp-json\/wp\/v2\/types\/product"}],"wp:featuredmedia":[{"embeddable":true,"href":"https:\/\/westgem.shop\/fr\/wp-json\/wp\/v2\/media\/5498"}],"wp:attachment":[{"href":"https:\/\/westgem.shop\/fr\/wp-json\/wp\/v2\/media?parent=5497"}],"wp:term":[{"taxonomy":"region","embeddable":true,"href":"https:\/\/westgem.shop\/fr\/wp-json\/wp\/v2\/region?post=5497"},{"taxonomy":"product_brand","embeddable":true,"href":"https:\/\/westgem.shop\/fr\/wp-json\/wp\/v2\/product_brand?post=5497"},{"taxonomy":"product_cat","embeddable":true,"href":"https:\/\/westgem.shop\/fr\/wp-json\/wp\/v2\/product_cat?post=5497"},{"taxonomy":"product_tag","embeddable":true,"href":"https:\/\/westgem.shop\/fr\/wp-json\/wp\/v2\/product_tag?post=5497"}],"curies":[{"name":"wp","href":"https:\/\/api.w.org\/{rel}","templated":true}]}}