{"id":5501,"date":"2002-09-18T00:00:00","date_gmt":"2002-09-18T00:00:00","guid":{"rendered":"https:\/\/miners.rocks\/product\/versteinertes-holz-gattung-farne\/"},"modified":"2020-05-19T17:04:32","modified_gmt":"2020-05-19T17:04:32","slug":"bois-petrifie-genre-fougere","status":"publish","type":"product","link":"https:\/\/westgem.shop\/fr\/produit\/bois-petrifie-genre-fougere\/","title":{"rendered":"BOIS PERFOR\u00c9 - Genre : PEINTURE"},"content":{"rendered":"<p>\n\tDisque de tronc, forme au\ufb02euse, complet tout autour avec \u00e9corce d'arbre conserv\u00e9e.<\/p>\n<p>\n\tTITEA SINGULARIS - FOUG\u00c8RE ARBORESCENTE ....SELTES !<\/p>\n<p>\n\tBOUCLES DE DIRECTION bien visibles - polies d'un c\u00f4t\u00e9.<\/p>\n<p>\n\tLa derni\u00e8re photo montre le verso non poli.<\/p>\n<p>\n\tlocalisation de la trouvaille : Araguano Petrified Forest - NORD BRESIL<\/p>\n<p>\n\tenviron 275 millions d'ann\u00e9es <\/p>\n<p>\n\tpoids : 680 g<\/p>\n<p>\n\tDimensions : 16 x 14 cm \u00c9paisseur : jusqu'\u00e0 3 cm<\/p>","protected":false},"excerpt":{"rendered":"<p>Disque de tronc, forme au\ufb02euse, complet tout autour avec \u00e9corce d'arbre conserv\u00e9e. TITEA SINGULARIS - FOUG\u00c8RE ARBORESCENTE ....SELTES ! BILLETS DE LIGNE bien visibles - polis d'un c\u00f4t\u00e9. La derni\u00e8re photo montre le revers non poli. Lieu de d\u00e9couverte : Araguano Petrified Forest - NORD BRESIL env. 275 millions d'ann\u00e9es. Poids : 680 g Dimensions : 16 x 14 cm Epaisseur : jusqu'\u00e0 3 cm<\/p>","protected":false},"featured_media":5502,"template":"","meta":{"_acf_changed":false},"region":[],"product_brand":[],"product_cat":[15],"product_tag":[],"class_list":{"0":"post-5501","1":"product","2":"type-product","3":"status-publish","4":"has-post-thumbnail","6":"product_cat-mineralien","8":"first","9":"outofstock","10":"sold-individually","11":"product-type-simple"},"acf":[],"_links":{"self":[{"href":"https:\/\/westgem.shop\/fr\/wp-json\/wp\/v2\/product\/5501","targetHints":{"allow":["GET"]}}],"collection":[{"href":"https:\/\/westgem.shop\/fr\/wp-json\/wp\/v2\/product"}],"about":[{"href":"https:\/\/westgem.shop\/fr\/wp-json\/wp\/v2\/types\/product"}],"wp:featuredmedia":[{"embeddable":true,"href":"https:\/\/westgem.shop\/fr\/wp-json\/wp\/v2\/media\/5502"}],"wp:attachment":[{"href":"https:\/\/westgem.shop\/fr\/wp-json\/wp\/v2\/media?parent=5501"}],"wp:term":[{"taxonomy":"region","embeddable":true,"href":"https:\/\/westgem.shop\/fr\/wp-json\/wp\/v2\/region?post=5501"},{"taxonomy":"product_brand","embeddable":true,"href":"https:\/\/westgem.shop\/fr\/wp-json\/wp\/v2\/product_brand?post=5501"},{"taxonomy":"product_cat","embeddable":true,"href":"https:\/\/westgem.shop\/fr\/wp-json\/wp\/v2\/product_cat?post=5501"},{"taxonomy":"product_tag","embeddable":true,"href":"https:\/\/westgem.shop\/fr\/wp-json\/wp\/v2\/product_tag?post=5501"}],"curies":[{"name":"wp","href":"https:\/\/api.w.org\/{rel}","templated":true}]}}