{"id":5505,"date":"2002-09-19T00:00:00","date_gmt":"2002-09-19T00:00:00","guid":{"rendered":"https:\/\/miners.rocks\/product\/top-rosenquarz-aa-roh\/"},"modified":"2020-05-19T17:04:33","modified_gmt":"2020-05-19T17:04:33","slug":"top-quartz-rose-aa-brut","status":"publish","type":"product","link":"https:\/\/westgem.shop\/fr\/produit\/top-quartz-rose-aa-brut\/","title":{"rendered":"TOP QUARTZ ROSE AA - BRUT"},"content":{"rendered":"<p>Quarz rose de premi\u00e8re qualit\u00e9 AA Extra<\/p>\n<p>Transparent, translucide, surfaces cristallines brillantes <\/p>\n<p>TOP peinture naturelle<\/p>\n<p>Seuls quelques pourcents de tous les QUARTZ ROSES trouv\u00e9s sont de TELLE QUALIT\u00c9 !<\/p>\n<p>Cette excellente mati\u00e8re premi\u00e8re se trouve dans la mine d'AMBOJABAO \u00e0 Madagascar.<\/p>\n<p>Poids : 1,8 kilogramme Dimensions : 16 x 12,5 x 10 cm<\/p>\n<p>Photos en partie avec un fond de lumi\u00e8re naturelle du soleil.<\/p>","protected":false},"excerpt":{"rendered":"<p>QUARTZ ROSE de premi\u00e8re qualit\u00e9 Qualit\u00e9 AA Extra transparent, translucide, surfaces cristallines tr\u00e8s brillantes TOP couleur naturelle Seulement quelques pour cent de tous les QUARTZ ROSE trouv\u00e9s sont d'une telle qualit\u00e9 ! Le lieu de d\u00e9couverte de cette excellente mati\u00e8re premi\u00e8re est la mine AMBOJABAO \u00e0 Madagascar Poids : 1,8 kilogramme Dimensions : 16 x 12,5 x 10 cm Photos en partie avec un fond naturel de lumi\u00e8re solaire.<\/p>","protected":false},"featured_media":5506,"template":"","meta":{"_acf_changed":false},"region":[],"product_brand":[],"product_cat":[15],"product_tag":[],"class_list":{"0":"post-5505","1":"product","2":"type-product","3":"status-publish","4":"has-post-thumbnail","6":"product_cat-mineralien","8":"first","9":"outofstock","10":"sold-individually","11":"product-type-simple"},"acf":[],"_links":{"self":[{"href":"https:\/\/westgem.shop\/fr\/wp-json\/wp\/v2\/product\/5505","targetHints":{"allow":["GET"]}}],"collection":[{"href":"https:\/\/westgem.shop\/fr\/wp-json\/wp\/v2\/product"}],"about":[{"href":"https:\/\/westgem.shop\/fr\/wp-json\/wp\/v2\/types\/product"}],"wp:featuredmedia":[{"embeddable":true,"href":"https:\/\/westgem.shop\/fr\/wp-json\/wp\/v2\/media\/5506"}],"wp:attachment":[{"href":"https:\/\/westgem.shop\/fr\/wp-json\/wp\/v2\/media?parent=5505"}],"wp:term":[{"taxonomy":"region","embeddable":true,"href":"https:\/\/westgem.shop\/fr\/wp-json\/wp\/v2\/region?post=5505"},{"taxonomy":"product_brand","embeddable":true,"href":"https:\/\/westgem.shop\/fr\/wp-json\/wp\/v2\/product_brand?post=5505"},{"taxonomy":"product_cat","embeddable":true,"href":"https:\/\/westgem.shop\/fr\/wp-json\/wp\/v2\/product_cat?post=5505"},{"taxonomy":"product_tag","embeddable":true,"href":"https:\/\/westgem.shop\/fr\/wp-json\/wp\/v2\/product_tag?post=5505"}],"curies":[{"name":"wp","href":"https:\/\/api.w.org\/{rel}","templated":true}]}}