{"id":551,"date":"2000-03-05T00:00:00","date_gmt":"2000-03-05T00:00:00","guid":{"rendered":"https:\/\/miners.rocks\/product\/101\/"},"modified":"2020-05-19T16:55:41","modified_gmt":"2020-05-19T16:55:41","slug":"calcedoine-bleu-pigeon-huettenberg","status":"publish","type":"product","link":"https:\/\/westgem.shop\/fr\/produit\/calcedoine-bleu-pigeon-huettenberg\/","title":{"rendered":"CHALCEDON bleu pigeon - H\u00dcTTENBERG"},"content":{"rendered":"<p>Tr\u00e8s grand CHALCEDON du c\u00e9l\u00e8bre <u>L'exploitation mini\u00e8re de H\u00fcttenberg<\/u> - de telles pi\u00e8ces ne sont plus que tr\u00e8s rarement visibles. Dans cette r\u00e9gion mini\u00e8re, les Celtes et les Romains exploitaient d\u00e9j\u00e0 le fer nordique, tr\u00e8s convoit\u00e9, il y a plus de 2000 ans. On y a \u00e9galement trouv\u00e9 ...., des pyrites color\u00e9es, divers quartz et calcite, de la c\u00e9lestine bleue, de la l\u00f6llingite ... et plus de 50 autres min\u00e9raux. Depuis la fermeture en 1977, il n'est pratiquement plus possible de mettre la main sur une pi\u00e8ce de qualit\u00e9.<\/p>\n<p>CHALCEDON bleu pigeon de bonne couleur avec un peu de SIDERITE xx - en grappe dans les cavit\u00e9s - faces terminales stalagtitiques . A certains endroits transparents, translucides et avec une lumi\u00e8re de fond, ces endroits sont ROSES. <\/p>\n<p>Mines de H\u00fcttenberg - niveau 58 - Carinthie.<\/p>\n<p>Poids : 0,70 kilogramme Dimensions : 12,5 x 11 x 5 cm<\/p>","protected":false},"excerpt":{"rendered":"<p>Tr\u00e8s grand CHALCEDON provenant de la c\u00e9l\u00e8bre mine de H\u00fcttenberg - de telles pi\u00e8ces ne sont plus que tr\u00e8s rarement visibles. Dans cette r\u00e9gion mini\u00e8re, les Celtes et les Romains exploitaient d\u00e9j\u00e0 le fer nordique, tr\u00e8s convoit\u00e9, il y a plus de 2000 ans. Mais on y a aussi trouv\u00e9...., des pyrites color\u00e9es, divers quartz et calcite, de la c\u00e9lestine bleue, de la l\u00f6llingite ...et plus de 50 autres min\u00e9raux.Depuis [...].<\/p>","protected":false},"featured_media":552,"template":"","meta":{"_acf_changed":false},"region":[],"product_brand":[],"product_cat":[15],"product_tag":[],"class_list":{"0":"post-551","1":"product","2":"type-product","3":"status-publish","4":"has-post-thumbnail","6":"product_cat-mineralien","8":"first","9":"outofstock","10":"sold-individually","11":"product-type-simple"},"acf":[],"_links":{"self":[{"href":"https:\/\/westgem.shop\/fr\/wp-json\/wp\/v2\/product\/551","targetHints":{"allow":["GET"]}}],"collection":[{"href":"https:\/\/westgem.shop\/fr\/wp-json\/wp\/v2\/product"}],"about":[{"href":"https:\/\/westgem.shop\/fr\/wp-json\/wp\/v2\/types\/product"}],"wp:featuredmedia":[{"embeddable":true,"href":"https:\/\/westgem.shop\/fr\/wp-json\/wp\/v2\/media\/552"}],"wp:attachment":[{"href":"https:\/\/westgem.shop\/fr\/wp-json\/wp\/v2\/media?parent=551"}],"wp:term":[{"taxonomy":"region","embeddable":true,"href":"https:\/\/westgem.shop\/fr\/wp-json\/wp\/v2\/region?post=551"},{"taxonomy":"product_brand","embeddable":true,"href":"https:\/\/westgem.shop\/fr\/wp-json\/wp\/v2\/product_brand?post=551"},{"taxonomy":"product_cat","embeddable":true,"href":"https:\/\/westgem.shop\/fr\/wp-json\/wp\/v2\/product_cat?post=551"},{"taxonomy":"product_tag","embeddable":true,"href":"https:\/\/westgem.shop\/fr\/wp-json\/wp\/v2\/product_tag?post=551"}],"curies":[{"name":"wp","href":"https:\/\/api.w.org\/{rel}","templated":true}]}}