{"id":5514,"date":"2002-09-21T00:00:00","date_gmt":"2002-09-21T00:00:00","guid":{"rendered":"https:\/\/miners.rocks\/product\/versteinertes-holz-gattung-farne-2\/"},"modified":"2020-05-19T17:04:34","modified_gmt":"2020-05-19T17:04:34","slug":"bois-petrifie-genre-fougere-2","status":"publish","type":"product","link":"https:\/\/westgem.shop\/fr\/produit\/bois-petrifie-genre-fougere-2\/","title":{"rendered":"BOIS POLI Genre COULEURS"},"content":{"rendered":"<p>Tr\u00e8s grande plaque d'un tronc entier - BOIS PERFOR\u00c9 de l'esp\u00e8ce rare : TITEA SINGULARIS<\/p>\n<p>environ 275 millions d'ann\u00e9es<\/p>\n<p>ARAGUANO Petrified Forest - NORD DU BRESIL<\/p>\n<p>Plaque de tronc, \u00e9corce conserv\u00e9e tout autour - polie des deux c\u00f4t\u00e9s. !<\/p>\n<p>Superbe pi\u00e8ce de DECO. Poids : 1,4 kilogramme Dimensions : 24 x 15 cm<\/p>\n<p>\u00e9paisseur : 0,7 cm<\/p>","protected":false},"excerpt":{"rendered":"<p>Tr\u00e8s grande plaque d'un tronc entier - BOIS PERFOR\u00c9 de l'esp\u00e8ce rare : TITEA SINGULARIS env. 275 millions d'ann\u00e9es. ARAGUANO Petrified Forest - NORD BRESIL Plaque de tronc, \u00e9corce conserv\u00e9e sur tout le pourtour - polie des deux c\u00f4t\u00e9s ! Superbe pi\u00e8ce de DECO. Poids : 1,4 kilogramme Dimensions : 24 x 15 cm \u00c9paisseur : 0,7 cm<\/p>","protected":false},"featured_media":5515,"template":"","meta":{"_acf_changed":false},"region":[],"product_brand":[],"product_cat":[15],"product_tag":[],"class_list":{"0":"post-5514","1":"product","2":"type-product","3":"status-publish","4":"has-post-thumbnail","6":"product_cat-mineralien","8":"first","9":"outofstock","10":"sold-individually","11":"product-type-simple"},"acf":[],"_links":{"self":[{"href":"https:\/\/westgem.shop\/fr\/wp-json\/wp\/v2\/product\/5514","targetHints":{"allow":["GET"]}}],"collection":[{"href":"https:\/\/westgem.shop\/fr\/wp-json\/wp\/v2\/product"}],"about":[{"href":"https:\/\/westgem.shop\/fr\/wp-json\/wp\/v2\/types\/product"}],"wp:featuredmedia":[{"embeddable":true,"href":"https:\/\/westgem.shop\/fr\/wp-json\/wp\/v2\/media\/5515"}],"wp:attachment":[{"href":"https:\/\/westgem.shop\/fr\/wp-json\/wp\/v2\/media?parent=5514"}],"wp:term":[{"taxonomy":"region","embeddable":true,"href":"https:\/\/westgem.shop\/fr\/wp-json\/wp\/v2\/region?post=5514"},{"taxonomy":"product_brand","embeddable":true,"href":"https:\/\/westgem.shop\/fr\/wp-json\/wp\/v2\/product_brand?post=5514"},{"taxonomy":"product_cat","embeddable":true,"href":"https:\/\/westgem.shop\/fr\/wp-json\/wp\/v2\/product_cat?post=5514"},{"taxonomy":"product_tag","embeddable":true,"href":"https:\/\/westgem.shop\/fr\/wp-json\/wp\/v2\/product_tag?post=5514"}],"curies":[{"name":"wp","href":"https:\/\/api.w.org\/{rel}","templated":true}]}}