{"id":5523,"date":"2002-09-23T00:00:00","date_gmt":"2002-09-23T00:00:00","guid":{"rendered":"https:\/\/miners.rocks\/product\/chalcedon-herz-handgeschliffen\/"},"modified":"2020-05-19T17:04:35","modified_gmt":"2020-05-19T17:04:35","slug":"coeur-en-calcedoine-taille-a-la-main","status":"publish","type":"product","link":"https:\/\/westgem.shop\/fr\/produit\/coeur-en-calcedoine-taille-a-la-main\/","title":{"rendered":"CHALCEDON C\u0152UR - Taill\u00e9 \u00e0 la main"},"content":{"rendered":"<p>C\u0153ur taill\u00e9 \u00e0 la main \u00e0 partir de polychromes = multicolores <\/p>\n<p>CALC\u00c9DOINE PIERRE \u00c0 FEU<\/p>\n<p>De superbes motifs de couleur - polis de premi\u00e8re qualit\u00e9. !<\/p>\n<p>Les photos montrent l'avant et l'arri\u00e8re du c\u0153ur.<\/p>\n<p>La mati\u00e8re premi\u00e8re se trouve \u00e0 ANTSIRABE, Madagascar.<\/p>\n<p>Poids : 220 g Dimensions : 7 x 6,5 x 3,5 cm<\/p>","protected":false},"excerpt":{"rendered":"<p>C\u0153ur taill\u00e9 \u00e0 la main en polychrome = PIERRE DE CHALCEDON multicolore Superbes motifs de couleur - polissage de premi\u00e8re qualit\u00e9 ! Les photos montrent l'avant et l'arri\u00e8re du c\u0153ur. La mati\u00e8re premi\u00e8re a \u00e9t\u00e9 trouv\u00e9e \u00e0 ANTSIRABE, Madagascar Poids : 220 g Dimensions : 7 x 6,5 x 3,5 cm<\/p>","protected":false},"featured_media":5524,"template":"","meta":{"_acf_changed":false},"region":[],"product_brand":[],"product_cat":[15],"product_tag":[],"class_list":{"0":"post-5523","1":"product","2":"type-product","3":"status-publish","4":"has-post-thumbnail","6":"product_cat-mineralien","8":"first","9":"outofstock","10":"sold-individually","11":"product-type-simple"},"acf":[],"_links":{"self":[{"href":"https:\/\/westgem.shop\/fr\/wp-json\/wp\/v2\/product\/5523","targetHints":{"allow":["GET"]}}],"collection":[{"href":"https:\/\/westgem.shop\/fr\/wp-json\/wp\/v2\/product"}],"about":[{"href":"https:\/\/westgem.shop\/fr\/wp-json\/wp\/v2\/types\/product"}],"wp:featuredmedia":[{"embeddable":true,"href":"https:\/\/westgem.shop\/fr\/wp-json\/wp\/v2\/media\/5524"}],"wp:attachment":[{"href":"https:\/\/westgem.shop\/fr\/wp-json\/wp\/v2\/media?parent=5523"}],"wp:term":[{"taxonomy":"region","embeddable":true,"href":"https:\/\/westgem.shop\/fr\/wp-json\/wp\/v2\/region?post=5523"},{"taxonomy":"product_brand","embeddable":true,"href":"https:\/\/westgem.shop\/fr\/wp-json\/wp\/v2\/product_brand?post=5523"},{"taxonomy":"product_cat","embeddable":true,"href":"https:\/\/westgem.shop\/fr\/wp-json\/wp\/v2\/product_cat?post=5523"},{"taxonomy":"product_tag","embeddable":true,"href":"https:\/\/westgem.shop\/fr\/wp-json\/wp\/v2\/product_tag?post=5523"}],"curies":[{"name":"wp","href":"https:\/\/api.w.org\/{rel}","templated":true}]}}