{"id":5527,"date":"2002-09-24T00:00:00","date_gmt":"2002-09-24T00:00:00","guid":{"rendered":"https:\/\/miners.rocks\/product\/chalcedon-herz-handgeschliffen-2\/"},"modified":"2020-05-19T17:04:36","modified_gmt":"2020-05-19T17:04:36","slug":"coeur-en-calcedoine-taille-a-la-main-2","status":"publish","type":"product","link":"https:\/\/westgem.shop\/fr\/produit\/coeur-en-calcedoine-taille-a-la-main-2\/","title":{"rendered":"CHALCEDON C\u0152UR - Taill\u00e9 \u00e0 la main"},"content":{"rendered":"<p>C\u0153ur taill\u00e9 \u00e0 la main en PIERRE CHALCEDONE polychrome multicolore<\/p>\n<p>Super \u00e9chantillon de couleur - polissage de premi\u00e8re qualit\u00e9 - photos des deux c\u00f4t\u00e9s<\/p>\n<p>Les cavit\u00e9s naturelles de la pierre brute ont \u00e9t\u00e9 taill\u00e9es en m\u00eame temps !<\/p>\n<p>Poids : 360 g Dimensions : 9,5 x 8 x 4 cm <\/p>\n<p>Emplacement de la trouvaille des pierres brutes : -ANTSIRABE - Madagascar<\/p>","protected":false},"excerpt":{"rendered":"<p>C\u0153ur en PIERRE CHALCEDONE polychrome multicolore taill\u00e9 \u00e0 la main Superbe \u00e9chantillon de couleurs - polissage de premi\u00e8re qualit\u00e9 - photos des deux c\u00f4t\u00e9s Les cavit\u00e9s naturelles de la pierre brute ont \u00e9t\u00e9 taill\u00e9es en m\u00eame temps ! Poids : 360 g Dimensions : 9,5 x 8 x 4 cm Lieu de d\u00e9couverte des pierres brutes : -ANTSIRABE - Madagascar<\/p>","protected":false},"featured_media":5528,"template":"","meta":{"_acf_changed":false},"region":[],"product_brand":[],"product_cat":[15],"product_tag":[],"class_list":{"0":"post-5527","1":"product","2":"type-product","3":"status-publish","4":"has-post-thumbnail","6":"product_cat-mineralien","8":"first","9":"outofstock","10":"sold-individually","11":"product-type-simple"},"acf":[],"_links":{"self":[{"href":"https:\/\/westgem.shop\/fr\/wp-json\/wp\/v2\/product\/5527","targetHints":{"allow":["GET"]}}],"collection":[{"href":"https:\/\/westgem.shop\/fr\/wp-json\/wp\/v2\/product"}],"about":[{"href":"https:\/\/westgem.shop\/fr\/wp-json\/wp\/v2\/types\/product"}],"wp:featuredmedia":[{"embeddable":true,"href":"https:\/\/westgem.shop\/fr\/wp-json\/wp\/v2\/media\/5528"}],"wp:attachment":[{"href":"https:\/\/westgem.shop\/fr\/wp-json\/wp\/v2\/media?parent=5527"}],"wp:term":[{"taxonomy":"region","embeddable":true,"href":"https:\/\/westgem.shop\/fr\/wp-json\/wp\/v2\/region?post=5527"},{"taxonomy":"product_brand","embeddable":true,"href":"https:\/\/westgem.shop\/fr\/wp-json\/wp\/v2\/product_brand?post=5527"},{"taxonomy":"product_cat","embeddable":true,"href":"https:\/\/westgem.shop\/fr\/wp-json\/wp\/v2\/product_cat?post=5527"},{"taxonomy":"product_tag","embeddable":true,"href":"https:\/\/westgem.shop\/fr\/wp-json\/wp\/v2\/product_tag?post=5527"}],"curies":[{"name":"wp","href":"https:\/\/api.w.org\/{rel}","templated":true}]}}