{"id":556,"date":"2000-03-06T00:00:00","date_gmt":"2000-03-06T00:00:00","guid":{"rendered":"https:\/\/miners.rocks\/product\/102\/"},"modified":"2020-05-19T16:55:42","modified_gmt":"2020-05-19T16:55:42","slug":"wulfenit-xx-slovenie","status":"publish","type":"product","link":"https:\/\/westgem.shop\/fr\/produit\/wulfenit-xx-slovenie\/","title":{"rendered":"Wulfenit xx - SLOV\u00c9NIE"},"content":{"rendered":"<p>La wulf\u00e9nite est \u00e9galement appel\u00e9e minerai de plomb jaune et se forme dans les zones d'oxydation des gisements de plomb et de zinc. Ce min\u00e9ral a \u00e9t\u00e9 d\u00e9crit pour la premi\u00e8re fois par le naturaliste Baron von Wulfen, qui lui a donn\u00e9 son nom.<\/p>\n<p>Typlockalit\u00e4t est l'ancienne mine de plomb et de zinc de Bad Bleiberg en Carinthie.<\/p>\n<p>VEUILLEZ NOTER NOS TOP DES STUPES DE BULFENITS DE TYPE BLEIBERG _ DANS LA CAT\u00c9GORIE _ CARNOVIE \/ AUTRICHE MIN\u00c9RAUX<\/p>\n<p>Cette pi\u00e8ce provient de l'ancienne mine de Misice, du c\u00f4t\u00e9 slov\u00e8ne des Karavanke.<\/p>\n<p>Poids:530 grammes Dimensions : 11 x 8 x 5 cm<\/p>","protected":false},"excerpt":{"rendered":"<p>La wulf\u00e9nite est \u00e9galement appel\u00e9e minerai de plomb jaune et se forme dans les zones d'oxydation des gisements de plomb et de zinc. Ce min\u00e9ral a \u00e9t\u00e9 d\u00e9crit pour la premi\u00e8re fois par le naturaliste Baron von Wulfen, qui lui a donn\u00e9 son nom. La typicit\u00e9 est l'ancienne exploitation mini\u00e8re de plomb et de zinc \u00e0 Bad Bleiberg en Carinthie VEUILLEZ NOTER NOS TOP DES PRODUITS DE WULFENITE DE LA TYPLOCOALIT\u00c9 DE BLEIBERG [...].<\/p>","protected":false},"featured_media":557,"template":"","meta":{"_acf_changed":false},"region":[],"product_brand":[],"product_cat":[15],"product_tag":[],"class_list":{"0":"post-556","1":"product","2":"type-product","3":"status-publish","4":"has-post-thumbnail","6":"product_cat-mineralien","8":"first","9":"outofstock","10":"sold-individually","11":"product-type-simple"},"acf":[],"_links":{"self":[{"href":"https:\/\/westgem.shop\/fr\/wp-json\/wp\/v2\/product\/556","targetHints":{"allow":["GET"]}}],"collection":[{"href":"https:\/\/westgem.shop\/fr\/wp-json\/wp\/v2\/product"}],"about":[{"href":"https:\/\/westgem.shop\/fr\/wp-json\/wp\/v2\/types\/product"}],"wp:featuredmedia":[{"embeddable":true,"href":"https:\/\/westgem.shop\/fr\/wp-json\/wp\/v2\/media\/557"}],"wp:attachment":[{"href":"https:\/\/westgem.shop\/fr\/wp-json\/wp\/v2\/media?parent=556"}],"wp:term":[{"taxonomy":"region","embeddable":true,"href":"https:\/\/westgem.shop\/fr\/wp-json\/wp\/v2\/region?post=556"},{"taxonomy":"product_brand","embeddable":true,"href":"https:\/\/westgem.shop\/fr\/wp-json\/wp\/v2\/product_brand?post=556"},{"taxonomy":"product_cat","embeddable":true,"href":"https:\/\/westgem.shop\/fr\/wp-json\/wp\/v2\/product_cat?post=556"},{"taxonomy":"product_tag","embeddable":true,"href":"https:\/\/westgem.shop\/fr\/wp-json\/wp\/v2\/product_tag?post=556"}],"curies":[{"name":"wp","href":"https:\/\/api.w.org\/{rel}","templated":true}]}}