{"id":5568,"date":"2002-10-04T00:00:00","date_gmt":"2002-10-04T00:00:00","guid":{"rendered":"https:\/\/miners.rocks\/product\/phantom-rauchquarz-xx-bolivien\/"},"modified":"2020-05-19T17:04:41","modified_gmt":"2020-05-19T17:04:41","slug":"quartz-fume-fantome-xx-bolivie","status":"publish","type":"product","link":"https:\/\/westgem.shop\/fr\/produit\/quartz-fume-fantome-xx-bolivie\/","title":{"rendered":"\"Fant\u00f4me\" QUARTZ FUM\u00c9 xx - BOLIVIES"},"content":{"rendered":"<p>Belle ETAPE DE QUARTZ FUM\u00c9 avec des dessins de croissance plus fonc\u00e9s dans les cristaux, on l'appelle alors \"PHANTOM\".<\/p>\n<p>Les QUARTZ FUM\u00c9S sont des CRISTALES DE MONTAGNE qui, sous l'effet du rayonnement radioactif naturel, sont l\u00e9g\u00e8rement marron fum\u00e9, voire compl\u00e8tement noirs.<\/p>\n<p>Niveau tr\u00e8s int\u00e9ressant provenant d'un ancien lot de<\/p>\n<p> POTOSI - BOLIVIE<\/p>\n<p>AM\u00c9RIQUE DU SUD<\/p>\n<p>Poids : 1,4 kilogramme Dimensions : Niveau 15 x 10 x 10 cm xx \u00e0 4 cm<\/p>","protected":false},"excerpt":{"rendered":"<p>Belle \u00e9tape du QUARTZ FUM\u00c9 avec des dessins de croissance plus fonc\u00e9s dans les cristaux, ce qui est alors appel\u00e9 \"fant\u00f4me\". Le QUARTZ FUM\u00c9 est un CRISTAL DE MONTAGNE qui, sous l'effet des radiations radioactives naturelles, est de couleur marron l\u00e9g\u00e8rement fum\u00e9 \u00e0 noir. Marche tr\u00e8s int\u00e9ressante provenant d'un ancien lot de POTOSI - BOLIVIE AMERIQUE DU SUD Poids : 1,4 kilogrammes Dimensions : Marche 15 x [...]<\/p>","protected":false},"featured_media":5569,"template":"","meta":{"_acf_changed":false},"region":[],"product_brand":[],"product_cat":[15],"product_tag":[],"class_list":{"0":"post-5568","1":"product","2":"type-product","3":"status-publish","4":"has-post-thumbnail","6":"product_cat-mineralien","8":"first","9":"outofstock","10":"sold-individually","11":"product-type-simple"},"acf":[],"_links":{"self":[{"href":"https:\/\/westgem.shop\/fr\/wp-json\/wp\/v2\/product\/5568","targetHints":{"allow":["GET"]}}],"collection":[{"href":"https:\/\/westgem.shop\/fr\/wp-json\/wp\/v2\/product"}],"about":[{"href":"https:\/\/westgem.shop\/fr\/wp-json\/wp\/v2\/types\/product"}],"wp:featuredmedia":[{"embeddable":true,"href":"https:\/\/westgem.shop\/fr\/wp-json\/wp\/v2\/media\/5569"}],"wp:attachment":[{"href":"https:\/\/westgem.shop\/fr\/wp-json\/wp\/v2\/media?parent=5568"}],"wp:term":[{"taxonomy":"region","embeddable":true,"href":"https:\/\/westgem.shop\/fr\/wp-json\/wp\/v2\/region?post=5568"},{"taxonomy":"product_brand","embeddable":true,"href":"https:\/\/westgem.shop\/fr\/wp-json\/wp\/v2\/product_brand?post=5568"},{"taxonomy":"product_cat","embeddable":true,"href":"https:\/\/westgem.shop\/fr\/wp-json\/wp\/v2\/product_cat?post=5568"},{"taxonomy":"product_tag","embeddable":true,"href":"https:\/\/westgem.shop\/fr\/wp-json\/wp\/v2\/product_tag?post=5568"}],"curies":[{"name":"wp","href":"https:\/\/api.w.org\/{rel}","templated":true}]}}