{"id":5575,"date":"2002-10-05T00:00:00","date_gmt":"2002-10-05T00:00:00","guid":{"rendered":"https:\/\/miners.rocks\/product\/magmatit-zeolith-mineralien-gro%ef%ac%82stufe\/"},"modified":"2020-05-19T17:04:42","modified_gmt":"2020-05-19T17:04:42","slug":"magmatite-zeolithe-mineraux-gro%ef%ac%82-etage","status":"publish","type":"product","link":"https:\/\/westgem.shop\/fr\/produit\/magmatite-zeolithe-mineraux-gro%ef%ac%82-etage\/","title":{"rendered":"MAGMATITE-ZEOLITH Min\u00e9raux - Niveau grossier"},"content":{"rendered":"<p>Min\u00e9raux du groupe ZEOLITH.<\/p>\n<p>Grand \u00e9tage de cristaux d\u00e9coratifs avec STILBIT ou 'DESMIN colonnaires et APOPHYLLIT xx verts cubiques sur BASALT.<\/p>\n<p>Ces min\u00e9raux sont des MAGMATITES, form\u00e9s \u00e0 partir de MAGMA volcaniques par des processus de refroidissement. Le DEKKAN TRAP indien s'est form\u00e9 il y a environ 70 millions d'ann\u00e9es, lorsque l'HIMALAYA s'est pliss\u00e9e et que des quantit\u00e9s incroyables de LAVA se sont \u00e9chapp\u00e9es de cette r\u00e9gion pendant plus d'un million d'ann\u00e9es.<\/p>\n<p>Grand spectacle, malheureusement l\u00e9g\u00e8rement endommag\u00e9 \u00e0 l'avant, d'o\u00f9 le SUPER PRIX !<\/p>\n<p>Poids : 2,5 kilogrammes Dim : 20 x 16 x 10 cm<\/p>\n<p>la derni\u00e8re image est l'arri\u00e8re.<\/p>","protected":false},"excerpt":{"rendered":"<p>Min\u00e9raux du groupe ZEOLITH. Grand niveau cristallin d\u00e9coratif avec des STILBIT ou 'DESMIN acides et des APOPHYLLIT xx verts cubiques sur BASALT. Ces min\u00e9raux sont ce que l'on appelle des MAGMATITES, form\u00e9es \u00e0 partir de MAGMA volcaniques par des processus de refroidissement. Le DEKKAN TRAP indien s'est form\u00e9 il y a environ 70 millions d'ann\u00e9es, lorsque l'HIMALAYA s'est pliss\u00e9e et a [...] &gt; D\u00e9tail<\/p>","protected":false},"featured_media":5576,"template":"","meta":{"_acf_changed":false},"region":[],"product_brand":[],"product_cat":[15],"product_tag":[],"class_list":{"0":"post-5575","1":"product","2":"type-product","3":"status-publish","4":"has-post-thumbnail","6":"product_cat-mineralien","8":"first","9":"outofstock","10":"sold-individually","11":"product-type-simple"},"acf":[],"_links":{"self":[{"href":"https:\/\/westgem.shop\/fr\/wp-json\/wp\/v2\/product\/5575","targetHints":{"allow":["GET"]}}],"collection":[{"href":"https:\/\/westgem.shop\/fr\/wp-json\/wp\/v2\/product"}],"about":[{"href":"https:\/\/westgem.shop\/fr\/wp-json\/wp\/v2\/types\/product"}],"wp:featuredmedia":[{"embeddable":true,"href":"https:\/\/westgem.shop\/fr\/wp-json\/wp\/v2\/media\/5576"}],"wp:attachment":[{"href":"https:\/\/westgem.shop\/fr\/wp-json\/wp\/v2\/media?parent=5575"}],"wp:term":[{"taxonomy":"region","embeddable":true,"href":"https:\/\/westgem.shop\/fr\/wp-json\/wp\/v2\/region?post=5575"},{"taxonomy":"product_brand","embeddable":true,"href":"https:\/\/westgem.shop\/fr\/wp-json\/wp\/v2\/product_brand?post=5575"},{"taxonomy":"product_cat","embeddable":true,"href":"https:\/\/westgem.shop\/fr\/wp-json\/wp\/v2\/product_cat?post=5575"},{"taxonomy":"product_tag","embeddable":true,"href":"https:\/\/westgem.shop\/fr\/wp-json\/wp\/v2\/product_tag?post=5575"}],"curies":[{"name":"wp","href":"https:\/\/api.w.org\/{rel}","templated":true}]}}