{"id":5582,"date":"2002-10-06T00:00:00","date_gmt":"2002-10-06T00:00:00","guid":{"rendered":"https:\/\/miners.rocks\/product\/phantom-quarz-xx-bolvien\/"},"modified":"2020-05-19T17:04:43","modified_gmt":"2020-05-19T17:04:43","slug":"quartz-fantome-xx-bolvien","status":"publish","type":"product","link":"https:\/\/westgem.shop\/fr\/produit\/quartz-fantome-xx-bolvien\/","title":{"rendered":"\"Phantom\" Quarz xx - BOLVIEN"},"content":{"rendered":"<p>Niveau de QUARTZ FUM\u00c9 avec des \"MARQUES PHANTOMIQUES\" dans les cristaux.<\/p>\n<p>Les QUARTZ FUM\u00c9S sont des quartz monocristallins de la vari\u00e9t\u00e9 CRISTAL DE MONTAGNE. La coloration sombre - de l\u00e9g\u00e8rement fum\u00e9 \u00e0 compl\u00e8tement noir (MORION) - est due \u00e0 la pr\u00e9sence d'\u00e9l\u00e9ments radioactifs \u00e0 proximit\u00e9 de la fissure dans laquelle les cristaux se sont form\u00e9s, g\u00e9n\u00e9ralement \u00e0 une profondeur d'environ 10 kilom\u00e8tres. Ce rayonnement radioactif provoque \u00e0 la longue un d\u00e9placement du r\u00e9seau cristallin du quartz et influence \u00e9galement les inclusions microscopiques d'eau dans le cristal.<\/p>\n<p>Les \"fant\u00f4mes\" dans les cristaux ne sont en fait que des d\u00e9fauts de croissance. En r\u00e8gle g\u00e9n\u00e9rale, il faut environ 2 millions d'ann\u00e9es pour qu'une \u00e9tape comme celle-ci soit \"termin\u00e9e\" - \u00e0 des temp\u00e9ratures de plus de 400 degr\u00e9s et une pression de plus de 3000 BAR - \u00e0 des valeurs inf\u00e9rieures, les atomes de SILICIUM et d'OXYG\u00c8NE ne peuvent pas se combiner pour former des mol\u00e9cules de quartz.<\/p>\n<p>localisation de la trouvaille : POTOSI - BOLIVIE<\/p>\n<p>AM\u00c9RIQUE DU SUD<\/p>\n<p>Poids : 1,94 kilogramme Dimensions : 17 x 14 x 11 cm<\/p>","protected":false},"excerpt":{"rendered":"<p>QUARTZ FUM\u00c9 avec des \"MARQUAGES PHANTOMIQUES\" dans les cristaux. Le QUARTZ FUM\u00c9 est un quartz monocristallin de la vari\u00e9t\u00e9 CRISTAL DE MONTAGNE. La coloration sombre - de l\u00e9g\u00e8rement fum\u00e9 \u00e0 compl\u00e8tement noir (MORION) - est due \u00e0 la pr\u00e9sence d'\u00e9l\u00e9ments radioactifs \u00e0 proximit\u00e9 de la fissure dans laquelle les cristaux se sont form\u00e9s - g\u00e9n\u00e9ralement \u00e0 environ 10 kilom\u00e8tres de profondeur. Ce rayonnement radioactif provoque [...].<\/p>","protected":false},"featured_media":5583,"template":"","meta":{"_acf_changed":false},"region":[],"product_brand":[],"product_cat":[15],"product_tag":[],"class_list":{"0":"post-5582","1":"product","2":"type-product","3":"status-publish","4":"has-post-thumbnail","6":"product_cat-mineralien","8":"first","9":"outofstock","10":"sold-individually","11":"product-type-simple"},"acf":[],"_links":{"self":[{"href":"https:\/\/westgem.shop\/fr\/wp-json\/wp\/v2\/product\/5582","targetHints":{"allow":["GET"]}}],"collection":[{"href":"https:\/\/westgem.shop\/fr\/wp-json\/wp\/v2\/product"}],"about":[{"href":"https:\/\/westgem.shop\/fr\/wp-json\/wp\/v2\/types\/product"}],"wp:featuredmedia":[{"embeddable":true,"href":"https:\/\/westgem.shop\/fr\/wp-json\/wp\/v2\/media\/5583"}],"wp:attachment":[{"href":"https:\/\/westgem.shop\/fr\/wp-json\/wp\/v2\/media?parent=5582"}],"wp:term":[{"taxonomy":"region","embeddable":true,"href":"https:\/\/westgem.shop\/fr\/wp-json\/wp\/v2\/region?post=5582"},{"taxonomy":"product_brand","embeddable":true,"href":"https:\/\/westgem.shop\/fr\/wp-json\/wp\/v2\/product_brand?post=5582"},{"taxonomy":"product_cat","embeddable":true,"href":"https:\/\/westgem.shop\/fr\/wp-json\/wp\/v2\/product_cat?post=5582"},{"taxonomy":"product_tag","embeddable":true,"href":"https:\/\/westgem.shop\/fr\/wp-json\/wp\/v2\/product_tag?post=5582"}],"curies":[{"name":"wp","href":"https:\/\/api.w.org\/{rel}","templated":true}]}}