{"id":559,"date":"2000-03-07T00:00:00","date_gmt":"2000-03-07T00:00:00","guid":{"rendered":"https:\/\/miners.rocks\/product\/103\/"},"modified":"2020-05-19T16:55:42","modified_gmt":"2020-05-19T16:55:42","slug":"cinnabarit-xx-kaernten","status":"publish","type":"product","link":"https:\/\/westgem.shop\/fr\/produit\/cinnabarit-xx-kaernten\/","title":{"rendered":"CINNABARIT xx CURRENCE"},"content":{"rendered":"<p>En Carinthie, il y avait 2 sites connus pour le ZINNOBER, \u00e0 savoir le Buchholzgraben au pied du GOLDECKS pr\u00e8s de Spittal an der Drau et le Hoher Kohr dans les Tauern. . Malheureusement, il n'y a pratiquement plus rien \u00e0 trouver sur ces sites.<\/p>\n<p>Les CINNABARIT xx sont de premi\u00e8re couleur et se trouvent dans les parties en quartz du bloc de calcaire. La PYRITE xx est \u00e9galement pr\u00e9sente en partie !<\/p>\n<p>Cette \u00e9tape de l'ancien <u>Exploitation mini\u00e8re du mercure<\/u> dans le Buchholzgraben , est probablement l'une des derni\u00e8res pi\u00e8ces disponibles de cette taille.<\/p>\n<p><u>poids : 2,8 kilogrammes<\/u>   Dimensions : 18 x 15 x 11 cm - avec base sci\u00e9e.<\/p>","protected":false},"excerpt":{"rendered":"<p>En Carinthie, il y avait 2 sites connus pour le ZINNOBER, \u00e0 savoir le Buchholzgraben au pied du GOLDECKS pr\u00e8s de Spittal an der Drau et le Hoher Kohr dans les Tauern. . Malheureusement, on ne trouve pratiquement plus rien \u00e0 ces endroits. Les CINNABARIT xx sont d'une couleur de premier ordre et se trouvent dans les parties en quartz de [...].<\/p>","protected":false},"featured_media":560,"template":"","meta":{"_acf_changed":false},"region":[],"product_brand":[],"product_cat":[15],"product_tag":[],"class_list":{"0":"post-559","1":"product","2":"type-product","3":"status-publish","4":"has-post-thumbnail","6":"product_cat-mineralien","8":"first","9":"outofstock","10":"sold-individually","11":"product-type-simple"},"acf":[],"_links":{"self":[{"href":"https:\/\/westgem.shop\/fr\/wp-json\/wp\/v2\/product\/559","targetHints":{"allow":["GET"]}}],"collection":[{"href":"https:\/\/westgem.shop\/fr\/wp-json\/wp\/v2\/product"}],"about":[{"href":"https:\/\/westgem.shop\/fr\/wp-json\/wp\/v2\/types\/product"}],"wp:featuredmedia":[{"embeddable":true,"href":"https:\/\/westgem.shop\/fr\/wp-json\/wp\/v2\/media\/560"}],"wp:attachment":[{"href":"https:\/\/westgem.shop\/fr\/wp-json\/wp\/v2\/media?parent=559"}],"wp:term":[{"taxonomy":"region","embeddable":true,"href":"https:\/\/westgem.shop\/fr\/wp-json\/wp\/v2\/region?post=559"},{"taxonomy":"product_brand","embeddable":true,"href":"https:\/\/westgem.shop\/fr\/wp-json\/wp\/v2\/product_brand?post=559"},{"taxonomy":"product_cat","embeddable":true,"href":"https:\/\/westgem.shop\/fr\/wp-json\/wp\/v2\/product_cat?post=559"},{"taxonomy":"product_tag","embeddable":true,"href":"https:\/\/westgem.shop\/fr\/wp-json\/wp\/v2\/product_tag?post=559"}],"curies":[{"name":"wp","href":"https:\/\/api.w.org\/{rel}","templated":true}]}}