{"id":5595,"date":"2002-10-08T00:00:00","date_gmt":"2002-10-08T00:00:00","guid":{"rendered":"https:\/\/miners.rocks\/product\/deko-kugel-chalcedon\/"},"modified":"2020-05-19T17:04:45","modified_gmt":"2020-05-19T17:04:45","slug":"boule-de-decoration-en-calcedoine","status":"publish","type":"product","link":"https:\/\/westgem.shop\/fr\/produit\/boule-de-decoration-en-calcedoine\/","title":{"rendered":"BOULE D\u00c9CO - CALC\u00c9DOINE"},"content":{"rendered":"<p>Boule taill\u00e9e \u00e0 la main, diam\u00e8tre 6 cm<\/p>\n<p>PIERRE DE CHALCEDON - Polychrome = multicolore<\/p>\n<p>Des couleurs et des motifs superbes - enti\u00e8rement polis.<\/p>\n<p>Le support \u00e0 billes PLEXI est <u>GRATUIT avec<\/u><\/p>\n<p>La mati\u00e8re premi\u00e8re se trouve \u00e0 ANTSIRABE, Madagascar.<\/p>\n<p>Poids : 277 g PRIX SPECIAL !<\/p>","protected":false},"excerpt":{"rendered":"<p>Boule polie \u00e0 la main, diam\u00e8tre 6 cm PIERRE DE CHALCEDON Multicolore - Polychrome Couleurs et motifs superbes - polie sur tout le pourtour. Le support de boule PLEXI est inclus GRATUITEMENT Le lieu de d\u00e9couverte de la mati\u00e8re premi\u00e8re est ANTSIRABE \u00e0 Madagascar Poids : 277 g PRIX SPECIAL !<\/p>","protected":false},"featured_media":5596,"template":"","meta":{"_acf_changed":false},"region":[],"product_brand":[],"product_cat":[15],"product_tag":[],"class_list":{"0":"post-5595","1":"product","2":"type-product","3":"status-publish","4":"has-post-thumbnail","6":"product_cat-mineralien","8":"first","9":"outofstock","10":"sold-individually","11":"product-type-simple"},"acf":[],"_links":{"self":[{"href":"https:\/\/westgem.shop\/fr\/wp-json\/wp\/v2\/product\/5595","targetHints":{"allow":["GET"]}}],"collection":[{"href":"https:\/\/westgem.shop\/fr\/wp-json\/wp\/v2\/product"}],"about":[{"href":"https:\/\/westgem.shop\/fr\/wp-json\/wp\/v2\/types\/product"}],"wp:featuredmedia":[{"embeddable":true,"href":"https:\/\/westgem.shop\/fr\/wp-json\/wp\/v2\/media\/5596"}],"wp:attachment":[{"href":"https:\/\/westgem.shop\/fr\/wp-json\/wp\/v2\/media?parent=5595"}],"wp:term":[{"taxonomy":"region","embeddable":true,"href":"https:\/\/westgem.shop\/fr\/wp-json\/wp\/v2\/region?post=5595"},{"taxonomy":"product_brand","embeddable":true,"href":"https:\/\/westgem.shop\/fr\/wp-json\/wp\/v2\/product_brand?post=5595"},{"taxonomy":"product_cat","embeddable":true,"href":"https:\/\/westgem.shop\/fr\/wp-json\/wp\/v2\/product_cat?post=5595"},{"taxonomy":"product_tag","embeddable":true,"href":"https:\/\/westgem.shop\/fr\/wp-json\/wp\/v2\/product_tag?post=5595"}],"curies":[{"name":"wp","href":"https:\/\/api.w.org\/{rel}","templated":true}]}}