{"id":5600,"date":"2002-10-09T00:00:00","date_gmt":"2002-10-09T00:00:00","guid":{"rendered":"https:\/\/miners.rocks\/product\/deko-kugel-chalcedon-2\/"},"modified":"2020-05-19T17:04:46","modified_gmt":"2020-05-19T17:04:46","slug":"boule-de-decoration-en-calcedoine-2","status":"publish","type":"product","link":"https:\/\/westgem.shop\/fr\/produit\/boule-de-decoration-en-calcedoine-2\/","title":{"rendered":"BOULE D\u00c9CO - CALC\u00c9DOINE"},"content":{"rendered":"<p>Tr\u00e8s belle 'DEKO Kugel' - taill\u00e9e et polie \u00e0 la main.<\/p>\n<p>CHALCEDON PIERRE - Multicolore<\/p>\n<p>Des motifs et des couleurs superbes - ANTSIRABE - Madagascar<\/p>\n<p>Poids : 276 g Diam\u00e8tre : 6 cm<\/p>\n<p>Le support \u00e0 billes PLEXI est GRATUIT !<\/p>","protected":false},"excerpt":{"rendered":"<p>Tr\u00e8s belle 'DEKO sph\u00e8re - taill\u00e9e et polie \u00e0 la main. PIERRE DE CHALCEDON - Multicolore De superbes motifs et couleurs - ANTSIRABE - Madagascar Poids : 276 g Diam\u00e8tre : 6 cm Le support de boule PLEXI est GRATUIT !<\/p>","protected":false},"featured_media":5601,"template":"","meta":{"_acf_changed":false},"region":[],"product_brand":[],"product_cat":[15],"product_tag":[],"class_list":{"0":"post-5600","1":"product","2":"type-product","3":"status-publish","4":"has-post-thumbnail","6":"product_cat-mineralien","8":"first","9":"outofstock","10":"sold-individually","11":"product-type-simple"},"acf":[],"_links":{"self":[{"href":"https:\/\/westgem.shop\/fr\/wp-json\/wp\/v2\/product\/5600","targetHints":{"allow":["GET"]}}],"collection":[{"href":"https:\/\/westgem.shop\/fr\/wp-json\/wp\/v2\/product"}],"about":[{"href":"https:\/\/westgem.shop\/fr\/wp-json\/wp\/v2\/types\/product"}],"wp:featuredmedia":[{"embeddable":true,"href":"https:\/\/westgem.shop\/fr\/wp-json\/wp\/v2\/media\/5601"}],"wp:attachment":[{"href":"https:\/\/westgem.shop\/fr\/wp-json\/wp\/v2\/media?parent=5600"}],"wp:term":[{"taxonomy":"region","embeddable":true,"href":"https:\/\/westgem.shop\/fr\/wp-json\/wp\/v2\/region?post=5600"},{"taxonomy":"product_brand","embeddable":true,"href":"https:\/\/westgem.shop\/fr\/wp-json\/wp\/v2\/product_brand?post=5600"},{"taxonomy":"product_cat","embeddable":true,"href":"https:\/\/westgem.shop\/fr\/wp-json\/wp\/v2\/product_cat?post=5600"},{"taxonomy":"product_tag","embeddable":true,"href":"https:\/\/westgem.shop\/fr\/wp-json\/wp\/v2\/product_tag?post=5600"}],"curies":[{"name":"wp","href":"https:\/\/api.w.org\/{rel}","templated":true}]}}