{"id":5604,"date":"2002-10-10T00:00:00","date_gmt":"2002-10-10T00:00:00","guid":{"rendered":"https:\/\/miners.rocks\/product\/superschoene-deko-kugel\/"},"modified":"2020-05-19T17:04:46","modified_gmt":"2020-05-19T17:04:46","slug":"superbe-boule-decorative","status":"publish","type":"product","link":"https:\/\/westgem.shop\/fr\/produit\/superbe-boule-decorative\/","title":{"rendered":"Superbe boule DEKO"},"content":{"rendered":"<p>PIERRE DE CHALCEDON - Polychrome - Multicolore<\/p>\n<p>ANTSIRABE - Madagascar<\/p>\n<p>Pi\u00e8ce unique taill\u00e9e \u00e0 la main - Super couleurs et motifs<\/p>\n<p>Diam\u00e8tre de la boule : 8 cm Poids : 488 g<\/p>\n<p>Le support \u00e0 billes PLEXI est GRATUIT !<\/p>\n<p>SUPER PRIX EN LIGNE !<\/p>","protected":false},"excerpt":{"rendered":"<p>PIERRE DE CHALCEDON - Polychrome - Multicolore ANTSIRABE - Madagascar Pi\u00e8ce unique taill\u00e9e \u00e0 la main - Super couleurs et motifs Diam\u00e8tre de la boule : 8 cm Poids : 488 g Le support de boule PLEXI est GRATUIT ! SUPER PRIX EN LIGNE !<\/p>","protected":false},"featured_media":5605,"template":"","meta":{"_acf_changed":false},"region":[],"product_brand":[],"product_cat":[15],"product_tag":[],"class_list":{"0":"post-5604","1":"product","2":"type-product","3":"status-publish","4":"has-post-thumbnail","6":"product_cat-mineralien","8":"first","9":"outofstock","10":"sold-individually","11":"product-type-simple"},"acf":[],"_links":{"self":[{"href":"https:\/\/westgem.shop\/fr\/wp-json\/wp\/v2\/product\/5604","targetHints":{"allow":["GET"]}}],"collection":[{"href":"https:\/\/westgem.shop\/fr\/wp-json\/wp\/v2\/product"}],"about":[{"href":"https:\/\/westgem.shop\/fr\/wp-json\/wp\/v2\/types\/product"}],"wp:featuredmedia":[{"embeddable":true,"href":"https:\/\/westgem.shop\/fr\/wp-json\/wp\/v2\/media\/5605"}],"wp:attachment":[{"href":"https:\/\/westgem.shop\/fr\/wp-json\/wp\/v2\/media?parent=5604"}],"wp:term":[{"taxonomy":"region","embeddable":true,"href":"https:\/\/westgem.shop\/fr\/wp-json\/wp\/v2\/region?post=5604"},{"taxonomy":"product_brand","embeddable":true,"href":"https:\/\/westgem.shop\/fr\/wp-json\/wp\/v2\/product_brand?post=5604"},{"taxonomy":"product_cat","embeddable":true,"href":"https:\/\/westgem.shop\/fr\/wp-json\/wp\/v2\/product_cat?post=5604"},{"taxonomy":"product_tag","embeddable":true,"href":"https:\/\/westgem.shop\/fr\/wp-json\/wp\/v2\/product_tag?post=5604"}],"curies":[{"name":"wp","href":"https:\/\/api.w.org\/{rel}","templated":true}]}}