{"id":5619,"date":"2002-10-14T00:00:00","date_gmt":"2002-10-14T00:00:00","guid":{"rendered":"https:\/\/miners.rocks\/product\/achat-platte-uruguay-3\/"},"modified":"2020-05-19T17:04:48","modified_gmt":"2020-05-19T17:04:48","slug":"achat-plaque-uruguay-3","status":"publish","type":"product","link":"https:\/\/westgem.shop\/fr\/produit\/achat-plaque-uruguay-3\/","title":{"rendered":"Plaque ACHAT - URUGUAY"},"content":{"rendered":"<p>Superbe plaque ACHAT - couleur naturelle !<\/p>\n<p>Polie des deux c\u00f4t\u00e9s - 2 photos avec le soleil en arri\u00e8re-plan.<\/p>\n<p>ARTIGAS - URUGUAY<\/p>\n<p>Poids : 440 g Dimensions : 21 x 15 cm<\/p>","protected":false},"excerpt":{"rendered":"<p>Superbe plaque ACHAT - couleur naturelle ! Polie sur les deux faces - 2 photos avec le soleil en arri\u00e8re-plan. ARTIGAS - URUGUAY Poids : 440 g Dimensions : 21 x 15 cm<\/p>","protected":false},"featured_media":5620,"template":"","meta":{"_acf_changed":false},"region":[],"product_brand":[],"product_cat":[15],"product_tag":[],"class_list":{"0":"post-5619","1":"product","2":"type-product","3":"status-publish","4":"has-post-thumbnail","6":"product_cat-mineralien","8":"first","9":"outofstock","10":"sold-individually","11":"product-type-simple"},"acf":[],"_links":{"self":[{"href":"https:\/\/westgem.shop\/fr\/wp-json\/wp\/v2\/product\/5619","targetHints":{"allow":["GET"]}}],"collection":[{"href":"https:\/\/westgem.shop\/fr\/wp-json\/wp\/v2\/product"}],"about":[{"href":"https:\/\/westgem.shop\/fr\/wp-json\/wp\/v2\/types\/product"}],"wp:featuredmedia":[{"embeddable":true,"href":"https:\/\/westgem.shop\/fr\/wp-json\/wp\/v2\/media\/5620"}],"wp:attachment":[{"href":"https:\/\/westgem.shop\/fr\/wp-json\/wp\/v2\/media?parent=5619"}],"wp:term":[{"taxonomy":"region","embeddable":true,"href":"https:\/\/westgem.shop\/fr\/wp-json\/wp\/v2\/region?post=5619"},{"taxonomy":"product_brand","embeddable":true,"href":"https:\/\/westgem.shop\/fr\/wp-json\/wp\/v2\/product_brand?post=5619"},{"taxonomy":"product_cat","embeddable":true,"href":"https:\/\/westgem.shop\/fr\/wp-json\/wp\/v2\/product_cat?post=5619"},{"taxonomy":"product_tag","embeddable":true,"href":"https:\/\/westgem.shop\/fr\/wp-json\/wp\/v2\/product_tag?post=5619"}],"curies":[{"name":"wp","href":"https:\/\/api.w.org\/{rel}","templated":true}]}}