{"id":5623,"date":"2002-10-15T00:00:00","date_gmt":"2002-10-15T00:00:00","guid":{"rendered":"https:\/\/miners.rocks\/product\/achat-uruguay-4\/"},"modified":"2020-05-19T17:04:48","modified_gmt":"2020-05-19T17:04:48","slug":"achat-uruguay-4","status":"publish","type":"product","link":"https:\/\/westgem.shop\/fr\/produit\/achat-uruguay-4\/","title":{"rendered":"ACHAT - URUGUAY"},"content":{"rendered":"<p>Plaque fine d'un tubercule entier ACHAT - polie des deux c\u00f4t\u00e9s.<\/p>\n<p>Couleur naturelle ! - 2 photos avec le soleil en arri\u00e8re-plan.<\/p>\n<p>ARTIGAS - URUGUAY<\/p>\n<p>Poids : 300 g Dimensions : 19 x 14 cm<\/p>","protected":false},"excerpt":{"rendered":"<p>Plaque fine d'un tubercule ACHAT entier - polie des deux c\u00f4t\u00e9s. Couleur naturelle ! - 2 photos avec le soleil en arri\u00e8re-plan. ARTIGAS - URUGUAY Poids : 300 g Dimensions : 19 x 14 cm<\/p>","protected":false},"featured_media":5624,"template":"","meta":{"_acf_changed":false},"region":[],"product_brand":[],"product_cat":[15],"product_tag":[],"class_list":{"0":"post-5623","1":"product","2":"type-product","3":"status-publish","4":"has-post-thumbnail","6":"product_cat-mineralien","8":"first","9":"outofstock","10":"sold-individually","11":"product-type-simple"},"acf":[],"_links":{"self":[{"href":"https:\/\/westgem.shop\/fr\/wp-json\/wp\/v2\/product\/5623","targetHints":{"allow":["GET"]}}],"collection":[{"href":"https:\/\/westgem.shop\/fr\/wp-json\/wp\/v2\/product"}],"about":[{"href":"https:\/\/westgem.shop\/fr\/wp-json\/wp\/v2\/types\/product"}],"wp:featuredmedia":[{"embeddable":true,"href":"https:\/\/westgem.shop\/fr\/wp-json\/wp\/v2\/media\/5624"}],"wp:attachment":[{"href":"https:\/\/westgem.shop\/fr\/wp-json\/wp\/v2\/media?parent=5623"}],"wp:term":[{"taxonomy":"region","embeddable":true,"href":"https:\/\/westgem.shop\/fr\/wp-json\/wp\/v2\/region?post=5623"},{"taxonomy":"product_brand","embeddable":true,"href":"https:\/\/westgem.shop\/fr\/wp-json\/wp\/v2\/product_brand?post=5623"},{"taxonomy":"product_cat","embeddable":true,"href":"https:\/\/westgem.shop\/fr\/wp-json\/wp\/v2\/product_cat?post=5623"},{"taxonomy":"product_tag","embeddable":true,"href":"https:\/\/westgem.shop\/fr\/wp-json\/wp\/v2\/product_tag?post=5623"}],"curies":[{"name":"wp","href":"https:\/\/api.w.org\/{rel}","templated":true}]}}