{"id":5627,"date":"2002-10-16T00:00:00","date_gmt":"2002-10-16T00:00:00","guid":{"rendered":"https:\/\/miners.rocks\/product\/achat-uruguay-5\/"},"modified":"2020-05-19T17:04:49","modified_gmt":"2020-05-19T17:04:49","slug":"achat-uruguay-5","status":"publish","type":"product","link":"https:\/\/westgem.shop\/fr\/produit\/achat-uruguay-5\/","title":{"rendered":"ACHAT - URUGUAY"},"content":{"rendered":"<p>Plaque un peu plus \u00e9paisse d'un tubercule entier ACHAT d'ARTIGAS<\/p>\n<p>URUGUAY - Am\u00e9rique du Sud<\/p>\n<p>Couleur naturelle - polie des deux c\u00f4t\u00e9s.<\/p>\n<p>Poids : 530 g Dimensions : 23 x 14 1 cm d'\u00e9paisseur.<\/p>","protected":false},"excerpt":{"rendered":"<p>Plaque un peu plus \u00e9paisse d'un tubercule entier d'ACHAT d'ARTIGAS URUGUAY - AM\u00c9RIQUE DU SUD Couleur naturelle - polie des deux c\u00f4t\u00e9s. Poids : 530 g Dimensions : 23 x 14 1 cm d'\u00e9paisseur.<\/p>","protected":false},"featured_media":5628,"template":"","meta":{"_acf_changed":false},"region":[],"product_brand":[],"product_cat":[15],"product_tag":[],"class_list":{"0":"post-5627","1":"product","2":"type-product","3":"status-publish","4":"has-post-thumbnail","6":"product_cat-mineralien","8":"first","9":"outofstock","10":"sold-individually","11":"product-type-simple"},"acf":[],"_links":{"self":[{"href":"https:\/\/westgem.shop\/fr\/wp-json\/wp\/v2\/product\/5627","targetHints":{"allow":["GET"]}}],"collection":[{"href":"https:\/\/westgem.shop\/fr\/wp-json\/wp\/v2\/product"}],"about":[{"href":"https:\/\/westgem.shop\/fr\/wp-json\/wp\/v2\/types\/product"}],"wp:featuredmedia":[{"embeddable":true,"href":"https:\/\/westgem.shop\/fr\/wp-json\/wp\/v2\/media\/5628"}],"wp:attachment":[{"href":"https:\/\/westgem.shop\/fr\/wp-json\/wp\/v2\/media?parent=5627"}],"wp:term":[{"taxonomy":"region","embeddable":true,"href":"https:\/\/westgem.shop\/fr\/wp-json\/wp\/v2\/region?post=5627"},{"taxonomy":"product_brand","embeddable":true,"href":"https:\/\/westgem.shop\/fr\/wp-json\/wp\/v2\/product_brand?post=5627"},{"taxonomy":"product_cat","embeddable":true,"href":"https:\/\/westgem.shop\/fr\/wp-json\/wp\/v2\/product_cat?post=5627"},{"taxonomy":"product_tag","embeddable":true,"href":"https:\/\/westgem.shop\/fr\/wp-json\/wp\/v2\/product_tag?post=5627"}],"curies":[{"name":"wp","href":"https:\/\/api.w.org\/{rel}","templated":true}]}}