{"id":5631,"date":"2002-10-17T00:00:00","date_gmt":"2002-10-17T00:00:00","guid":{"rendered":"https:\/\/miners.rocks\/product\/achat-uruguay-6\/"},"modified":"2020-05-19T17:04:50","modified_gmt":"2020-05-19T17:04:50","slug":"achat-uruguay-6","status":"publish","type":"product","link":"https:\/\/westgem.shop\/fr\/produit\/achat-uruguay-6\/","title":{"rendered":"ACHAT - URUGUAY"},"content":{"rendered":"<p>Belle plaque ACHAT - bord noir CHALCEDON ONYX<\/p>\n<p>Couleur naturelle - polie des deux c\u00f4t\u00e9s.<\/p>\n<p>2 photos avec le soleil en arri\u00e8re-plan.<\/p>\n<p>ARTIGAS - URUGUAY<\/p>\n<p>Poids : 360 g Dimensions : 21 x 15 cm<\/p>","protected":false},"excerpt":{"rendered":"<p>Belle plaque ACHAT - bord noir CHALCEDON ONYX couleur naturelle - polie des deux c\u00f4t\u00e9s. 2 photos avec le soleil en arri\u00e8re-plan. ARTIGAS - URUGUAY Poids : 360 g Dimensions : 21 x 15 cm<\/p>","protected":false},"featured_media":5632,"template":"","meta":{"_acf_changed":false},"region":[],"product_brand":[],"product_cat":[15],"product_tag":[],"class_list":{"0":"post-5631","1":"product","2":"type-product","3":"status-publish","4":"has-post-thumbnail","6":"product_cat-mineralien","8":"first","9":"outofstock","10":"sold-individually","11":"product-type-simple"},"acf":[],"_links":{"self":[{"href":"https:\/\/westgem.shop\/fr\/wp-json\/wp\/v2\/product\/5631","targetHints":{"allow":["GET"]}}],"collection":[{"href":"https:\/\/westgem.shop\/fr\/wp-json\/wp\/v2\/product"}],"about":[{"href":"https:\/\/westgem.shop\/fr\/wp-json\/wp\/v2\/types\/product"}],"wp:featuredmedia":[{"embeddable":true,"href":"https:\/\/westgem.shop\/fr\/wp-json\/wp\/v2\/media\/5632"}],"wp:attachment":[{"href":"https:\/\/westgem.shop\/fr\/wp-json\/wp\/v2\/media?parent=5631"}],"wp:term":[{"taxonomy":"region","embeddable":true,"href":"https:\/\/westgem.shop\/fr\/wp-json\/wp\/v2\/region?post=5631"},{"taxonomy":"product_brand","embeddable":true,"href":"https:\/\/westgem.shop\/fr\/wp-json\/wp\/v2\/product_brand?post=5631"},{"taxonomy":"product_cat","embeddable":true,"href":"https:\/\/westgem.shop\/fr\/wp-json\/wp\/v2\/product_cat?post=5631"},{"taxonomy":"product_tag","embeddable":true,"href":"https:\/\/westgem.shop\/fr\/wp-json\/wp\/v2\/product_tag?post=5631"}],"curies":[{"name":"wp","href":"https:\/\/api.w.org\/{rel}","templated":true}]}}