{"id":5635,"date":"2002-10-18T00:00:00","date_gmt":"2002-10-18T00:00:00","guid":{"rendered":"https:\/\/miners.rocks\/product\/achat-platte-naturfarbe\/"},"modified":"2020-05-19T17:04:51","modified_gmt":"2020-05-19T17:04:51","slug":"plaque-dagate-couleur-naturelle","status":"publish","type":"product","link":"https:\/\/westgem.shop\/fr\/produit\/plaque-dagate-couleur-naturelle\/","title":{"rendered":"Plaque ACHAT - couleur naturelle !"},"content":{"rendered":"<p>Plaque de premi\u00e8re qualit\u00e9, de couleur naturelle, d'un tubercule ACHAT<\/p>\n<p>ARTIGAS - URUGUAY<\/p>\n<p>2 photos avec le soleil en arri\u00e8re-plan.<\/p>\n<p>Poids : 430 g Dimensions : 21 x 15,5 cm<\/p>","protected":false},"excerpt":{"rendered":"<p>Plaque de premi\u00e8re qualit\u00e9 en couleur naturelle d'un tubercule ACHAT ARTIGAS - URUGUAY 2 photos avec le soleil en arri\u00e8re-plan. Poids : 430 g Dimensions : 21 x 15,5 cm<\/p>","protected":false},"featured_media":5636,"template":"","meta":{"_acf_changed":false},"region":[],"product_brand":[],"product_cat":[15],"product_tag":[],"class_list":{"0":"post-5635","1":"product","2":"type-product","3":"status-publish","4":"has-post-thumbnail","6":"product_cat-mineralien","8":"first","9":"outofstock","10":"sold-individually","11":"product-type-simple"},"acf":[],"_links":{"self":[{"href":"https:\/\/westgem.shop\/fr\/wp-json\/wp\/v2\/product\/5635","targetHints":{"allow":["GET"]}}],"collection":[{"href":"https:\/\/westgem.shop\/fr\/wp-json\/wp\/v2\/product"}],"about":[{"href":"https:\/\/westgem.shop\/fr\/wp-json\/wp\/v2\/types\/product"}],"wp:featuredmedia":[{"embeddable":true,"href":"https:\/\/westgem.shop\/fr\/wp-json\/wp\/v2\/media\/5636"}],"wp:attachment":[{"href":"https:\/\/westgem.shop\/fr\/wp-json\/wp\/v2\/media?parent=5635"}],"wp:term":[{"taxonomy":"region","embeddable":true,"href":"https:\/\/westgem.shop\/fr\/wp-json\/wp\/v2\/region?post=5635"},{"taxonomy":"product_brand","embeddable":true,"href":"https:\/\/westgem.shop\/fr\/wp-json\/wp\/v2\/product_brand?post=5635"},{"taxonomy":"product_cat","embeddable":true,"href":"https:\/\/westgem.shop\/fr\/wp-json\/wp\/v2\/product_cat?post=5635"},{"taxonomy":"product_tag","embeddable":true,"href":"https:\/\/westgem.shop\/fr\/wp-json\/wp\/v2\/product_tag?post=5635"}],"curies":[{"name":"wp","href":"https:\/\/api.w.org\/{rel}","templated":true}]}}