{"id":5643,"date":"2002-10-20T00:00:00","date_gmt":"2002-10-20T00:00:00","guid":{"rendered":"https:\/\/miners.rocks\/product\/achat-naturfarben-uruguay\/"},"modified":"2020-05-19T17:04:52","modified_gmt":"2020-05-19T17:04:52","slug":"agate-naturelle-uruguay","status":"publish","type":"product","link":"https:\/\/westgem.shop\/fr\/produit\/agate-naturelle-uruguay\/","title":{"rendered":"ACHAT Couleurs naturelles - URUGUAY"},"content":{"rendered":"<p>Beaux gros tubercules ACHAT Disque<\/p>\n<p>Couleurs naturelles - polies des deux c\u00f4t\u00e9s. ARTIGAS - URUGUAY<\/p>\n<p>2 photos avec le soleil en arri\u00e8re-plan.<\/p>\n<p>Poids : 420 g Dimensions : 20 x 14,5 cm<\/p>","protected":false},"excerpt":{"rendered":"<p>Beaux et grands tubercules ACHAT Disque Couleurs naturelles - polis des deux c\u00f4t\u00e9s. ARTIGAS - URUGUAY 2 photos avec le soleil en arri\u00e8re-plan. Poids : 420 g Dimensions : 20 x 14,5 cm<\/p>","protected":false},"featured_media":5644,"template":"","meta":{"_acf_changed":false},"region":[],"product_brand":[],"product_cat":[15],"product_tag":[],"class_list":{"0":"post-5643","1":"product","2":"type-product","3":"status-publish","4":"has-post-thumbnail","6":"product_cat-mineralien","8":"first","9":"outofstock","10":"sold-individually","11":"product-type-simple"},"acf":[],"_links":{"self":[{"href":"https:\/\/westgem.shop\/fr\/wp-json\/wp\/v2\/product\/5643","targetHints":{"allow":["GET"]}}],"collection":[{"href":"https:\/\/westgem.shop\/fr\/wp-json\/wp\/v2\/product"}],"about":[{"href":"https:\/\/westgem.shop\/fr\/wp-json\/wp\/v2\/types\/product"}],"wp:featuredmedia":[{"embeddable":true,"href":"https:\/\/westgem.shop\/fr\/wp-json\/wp\/v2\/media\/5644"}],"wp:attachment":[{"href":"https:\/\/westgem.shop\/fr\/wp-json\/wp\/v2\/media?parent=5643"}],"wp:term":[{"taxonomy":"region","embeddable":true,"href":"https:\/\/westgem.shop\/fr\/wp-json\/wp\/v2\/region?post=5643"},{"taxonomy":"product_brand","embeddable":true,"href":"https:\/\/westgem.shop\/fr\/wp-json\/wp\/v2\/product_brand?post=5643"},{"taxonomy":"product_cat","embeddable":true,"href":"https:\/\/westgem.shop\/fr\/wp-json\/wp\/v2\/product_cat?post=5643"},{"taxonomy":"product_tag","embeddable":true,"href":"https:\/\/westgem.shop\/fr\/wp-json\/wp\/v2\/product_tag?post=5643"}],"curies":[{"name":"wp","href":"https:\/\/api.w.org\/{rel}","templated":true}]}}