{"id":5647,"date":"2002-10-21T00:00:00","date_gmt":"2002-10-21T00:00:00","guid":{"rendered":"https:\/\/miners.rocks\/product\/achat-natur-uruguay\/"},"modified":"2020-05-19T17:04:52","modified_gmt":"2020-05-19T17:04:52","slug":"achat-nature-uruguay","status":"publish","type":"product","link":"https:\/\/westgem.shop\/fr\/produit\/achat-nature-uruguay\/","title":{"rendered":"ACHAT Nature - URUGUAY"},"content":{"rendered":"<p>Tr\u00e8s grande plaque d\u00e9corative r\u00e9alis\u00e9e \u00e0 partir d'un tubercule ACHAT.<\/p>\n<p>Couleurs naturelles - polies des deux c\u00f4t\u00e9s. Couches de CHALCEDON joliment serr\u00e9es dans l'ACHAT.<\/p>\n<p>ARTIGAS - URUGUAY<\/p>\n<p>2 photos avec la lumi\u00e8re naturelle du soleil en arri\u00e8re-plan.<\/p>\n<p>Poids : 0,56 kilogramme Dim.:_ 22 x 20 cm !<\/p>","protected":false},"excerpt":{"rendered":"<p>Tr\u00e8s grande plaque d\u00e9corative faite d'un tubercule ACHAT. Couleur naturelle - polie des deux c\u00f4t\u00e9s. Superbes couches de CHALCEDON \u00e0 bandes serr\u00e9es dans l'ACHAT. ARTIGAS - URUGUAY 2 photos avec la lumi\u00e8re naturelle du soleil en arri\u00e8re-plan. Poids : 0,56 kilogramme Dim.:_ 22 x 20 cm !<\/p>","protected":false},"featured_media":5648,"template":"","meta":{"_acf_changed":false},"region":[],"product_brand":[],"product_cat":[15],"product_tag":[],"class_list":{"0":"post-5647","1":"product","2":"type-product","3":"status-publish","4":"has-post-thumbnail","6":"product_cat-mineralien","8":"first","9":"outofstock","10":"sold-individually","11":"product-type-simple"},"acf":[],"_links":{"self":[{"href":"https:\/\/westgem.shop\/fr\/wp-json\/wp\/v2\/product\/5647","targetHints":{"allow":["GET"]}}],"collection":[{"href":"https:\/\/westgem.shop\/fr\/wp-json\/wp\/v2\/product"}],"about":[{"href":"https:\/\/westgem.shop\/fr\/wp-json\/wp\/v2\/types\/product"}],"wp:featuredmedia":[{"embeddable":true,"href":"https:\/\/westgem.shop\/fr\/wp-json\/wp\/v2\/media\/5648"}],"wp:attachment":[{"href":"https:\/\/westgem.shop\/fr\/wp-json\/wp\/v2\/media?parent=5647"}],"wp:term":[{"taxonomy":"region","embeddable":true,"href":"https:\/\/westgem.shop\/fr\/wp-json\/wp\/v2\/region?post=5647"},{"taxonomy":"product_brand","embeddable":true,"href":"https:\/\/westgem.shop\/fr\/wp-json\/wp\/v2\/product_brand?post=5647"},{"taxonomy":"product_cat","embeddable":true,"href":"https:\/\/westgem.shop\/fr\/wp-json\/wp\/v2\/product_cat?post=5647"},{"taxonomy":"product_tag","embeddable":true,"href":"https:\/\/westgem.shop\/fr\/wp-json\/wp\/v2\/product_tag?post=5647"}],"curies":[{"name":"wp","href":"https:\/\/api.w.org\/{rel}","templated":true}]}}