{"id":565,"date":"2000-03-08T00:00:00","date_gmt":"2000-03-08T00:00:00","guid":{"rendered":"https:\/\/miners.rocks\/product\/104\/"},"modified":"2020-05-19T16:55:42","modified_gmt":"2020-05-19T16:55:42","slug":"uruguay-agate-poli-des-deux-cotes","status":"publish","type":"product","link":"https:\/\/westgem.shop\/fr\/produit\/uruguay-agate-poli-des-deux-cotes\/","title":{"rendered":"Uruguay ACHAT - poli sur les deux faces"},"content":{"rendered":"<p>Tr\u00e8s belle et grande plaque ACHAT . Coloration naturelle avec cavit\u00e9 centrale , parsem\u00e9e de petits quartz xx .<\/p>\n<p>De superbes textures avec un \u00e9clairage d'arri\u00e8re-plan.<\/p>\n<p>localisation de la trouvaille : Artigas - Uruguay<\/p>\n<p>La photo 3 est la couleur sans lumi\u00e8re de fond , pour les deux premi\u00e8res photos, c'est juste la lumi\u00e8re du soleil , dans le salon, une petite lampe de fond suffit.<\/p>\n<p>Poids 0,60 kg Dimensions : 33.5 cm x 16 cm x 0,4 cm<\/p>","protected":false},"excerpt":{"rendered":"<p>Tr\u00e8s belle et grande plaque ACHAT . Coloration naturelle avec cavit\u00e9 centrale, parsem\u00e9e de petits quartz xx . Superbes structures avec lumi\u00e8re de fond . Lieu de d\u00e9couverte : Artigas - Uruguay La photo 3 est la couleur sans r\u00e9tro \u00e9clairage , pour les deux premi\u00e8res photos c'est juste la lumi\u00e8re du soleil , dans la salle de s\u00e9jour une petite lampe de fond suffit . Poids 0,60 kg Dimensions : 33.5 [...]<\/p>","protected":false},"featured_media":566,"template":"","meta":{"_acf_changed":false},"region":[],"product_brand":[],"product_cat":[15],"product_tag":[],"class_list":{"0":"post-565","1":"product","2":"type-product","3":"status-publish","4":"has-post-thumbnail","6":"product_cat-mineralien","8":"first","9":"outofstock","10":"sold-individually","11":"product-type-simple"},"acf":[],"_links":{"self":[{"href":"https:\/\/westgem.shop\/fr\/wp-json\/wp\/v2\/product\/565","targetHints":{"allow":["GET"]}}],"collection":[{"href":"https:\/\/westgem.shop\/fr\/wp-json\/wp\/v2\/product"}],"about":[{"href":"https:\/\/westgem.shop\/fr\/wp-json\/wp\/v2\/types\/product"}],"wp:featuredmedia":[{"embeddable":true,"href":"https:\/\/westgem.shop\/fr\/wp-json\/wp\/v2\/media\/566"}],"wp:attachment":[{"href":"https:\/\/westgem.shop\/fr\/wp-json\/wp\/v2\/media?parent=565"}],"wp:term":[{"taxonomy":"region","embeddable":true,"href":"https:\/\/westgem.shop\/fr\/wp-json\/wp\/v2\/region?post=565"},{"taxonomy":"product_brand","embeddable":true,"href":"https:\/\/westgem.shop\/fr\/wp-json\/wp\/v2\/product_brand?post=565"},{"taxonomy":"product_cat","embeddable":true,"href":"https:\/\/westgem.shop\/fr\/wp-json\/wp\/v2\/product_cat?post=565"},{"taxonomy":"product_tag","embeddable":true,"href":"https:\/\/westgem.shop\/fr\/wp-json\/wp\/v2\/product_tag?post=565"}],"curies":[{"name":"wp","href":"https:\/\/api.w.org\/{rel}","templated":true}]}}