{"id":5651,"date":"2002-10-22T00:00:00","date_gmt":"2002-10-22T00:00:00","guid":{"rendered":"https:\/\/miners.rocks\/product\/sehr-schoener-achat-uruguay\/"},"modified":"2020-05-19T17:04:53","modified_gmt":"2020-05-19T17:04:53","slug":"tres-belle-achat-uruguay","status":"publish","type":"product","link":"https:\/\/westgem.shop\/fr\/produit\/tres-belle-achat-uruguay\/","title":{"rendered":"Tr\u00e8s belle ACHAT - URUGUAY"},"content":{"rendered":"<p>Tr\u00e8s belle plaque ACHAT d'un tubercule ACHAT entier.<\/p>\n<p>couleur naturelle ! - polie des deux c\u00f4t\u00e9s - Int\u00e9rieur structures de quartz monocristallin avec oxyde de fer brun - Ext\u00e9rieur CHALCEDON ONYX noir<\/p>\n<p>ARTI'GAS - URUGUAY<\/p>\n<p>2 photos avec la lumi\u00e8re naturelle du soleil en arri\u00e8re-plan.<\/p>\n<p>Poids : 470 g Dimensions : 21,5 x 17 cm<\/p>","protected":false},"excerpt":{"rendered":"<p>Tr\u00e8s belle plaque ACHAT provenant d'un tubercule ACHAT entier. couleur naturelle ! - polie sur les deux faces - Int\u00e9rieur structures en quartz monocristallin avec oxyde de fer brun - Ext\u00e9rieur CHALCEDON ONYX ARTI'GAS noir - URUGUAY 2 photos avec la lumi\u00e8re naturelle du soleil comme fond. Poids : 470 g Dimensions : 21,5 x 17 cm<\/p>","protected":false},"featured_media":5652,"template":"","meta":{"_acf_changed":false},"region":[],"product_brand":[],"product_cat":[15],"product_tag":[],"class_list":{"0":"post-5651","1":"product","2":"type-product","3":"status-publish","4":"has-post-thumbnail","6":"product_cat-mineralien","8":"first","9":"outofstock","10":"sold-individually","11":"product-type-simple"},"acf":[],"_links":{"self":[{"href":"https:\/\/westgem.shop\/fr\/wp-json\/wp\/v2\/product\/5651","targetHints":{"allow":["GET"]}}],"collection":[{"href":"https:\/\/westgem.shop\/fr\/wp-json\/wp\/v2\/product"}],"about":[{"href":"https:\/\/westgem.shop\/fr\/wp-json\/wp\/v2\/types\/product"}],"wp:featuredmedia":[{"embeddable":true,"href":"https:\/\/westgem.shop\/fr\/wp-json\/wp\/v2\/media\/5652"}],"wp:attachment":[{"href":"https:\/\/westgem.shop\/fr\/wp-json\/wp\/v2\/media?parent=5651"}],"wp:term":[{"taxonomy":"region","embeddable":true,"href":"https:\/\/westgem.shop\/fr\/wp-json\/wp\/v2\/region?post=5651"},{"taxonomy":"product_brand","embeddable":true,"href":"https:\/\/westgem.shop\/fr\/wp-json\/wp\/v2\/product_brand?post=5651"},{"taxonomy":"product_cat","embeddable":true,"href":"https:\/\/westgem.shop\/fr\/wp-json\/wp\/v2\/product_cat?post=5651"},{"taxonomy":"product_tag","embeddable":true,"href":"https:\/\/westgem.shop\/fr\/wp-json\/wp\/v2\/product_tag?post=5651"}],"curies":[{"name":"wp","href":"https:\/\/api.w.org\/{rel}","templated":true}]}}