{"id":5659,"date":"2002-10-24T00:00:00","date_gmt":"2002-10-24T00:00:00","guid":{"rendered":"https:\/\/miners.rocks\/product\/australien-edel-opal\/"},"modified":"2020-05-19T17:04:53","modified_gmt":"2020-05-19T17:04:53","slug":"australie-opale-noble","status":"publish","type":"product","link":"https:\/\/westgem.shop\/fr\/produit\/australie-opale-noble\/","title":{"rendered":"Australie EDEL OPAL"},"content":{"rendered":"<p>Go\u00e9lette, brute australienne EDEL OPAL<\/p>\n<p>L'OPAL est construit sur une roche m\u00e8re typique, le gr\u00e8s argileux contenant du fer.<\/p>\n<p>QUILPIE OPAL FIELDS - QUEENSLAND<\/p>\n<p>Australie<\/p>\n<p>Poids : 36 g Dimensions : 5 x 3 x 1,5 cm<\/p>","protected":false},"excerpt":{"rendered":"<p>OPAL australien brut et beau L'OPAL est fabriqu\u00e9 sur une roche m\u00e8re typique de gr\u00e8s argileux contenant du fer QUILPIE OPAL FIELDS - QUEENSLAND Australie Poids : 36 g Dimensions : 5 x 3 x 1,5 cm<\/p>","protected":false},"featured_media":5660,"template":"","meta":{"_acf_changed":false},"region":[],"product_brand":[],"product_cat":[15],"product_tag":[],"class_list":{"0":"post-5659","1":"product","2":"type-product","3":"status-publish","4":"has-post-thumbnail","6":"product_cat-mineralien","8":"first","9":"outofstock","10":"sold-individually","11":"product-type-simple"},"acf":[],"_links":{"self":[{"href":"https:\/\/westgem.shop\/fr\/wp-json\/wp\/v2\/product\/5659","targetHints":{"allow":["GET"]}}],"collection":[{"href":"https:\/\/westgem.shop\/fr\/wp-json\/wp\/v2\/product"}],"about":[{"href":"https:\/\/westgem.shop\/fr\/wp-json\/wp\/v2\/types\/product"}],"wp:featuredmedia":[{"embeddable":true,"href":"https:\/\/westgem.shop\/fr\/wp-json\/wp\/v2\/media\/5660"}],"wp:attachment":[{"href":"https:\/\/westgem.shop\/fr\/wp-json\/wp\/v2\/media?parent=5659"}],"wp:term":[{"taxonomy":"region","embeddable":true,"href":"https:\/\/westgem.shop\/fr\/wp-json\/wp\/v2\/region?post=5659"},{"taxonomy":"product_brand","embeddable":true,"href":"https:\/\/westgem.shop\/fr\/wp-json\/wp\/v2\/product_brand?post=5659"},{"taxonomy":"product_cat","embeddable":true,"href":"https:\/\/westgem.shop\/fr\/wp-json\/wp\/v2\/product_cat?post=5659"},{"taxonomy":"product_tag","embeddable":true,"href":"https:\/\/westgem.shop\/fr\/wp-json\/wp\/v2\/product_tag?post=5659"}],"curies":[{"name":"wp","href":"https:\/\/api.w.org\/{rel}","templated":true}]}}