{"id":5671,"date":"2002-10-27T00:00:00","date_gmt":"2002-10-27T00:00:00","guid":{"rendered":"https:\/\/miners.rocks\/product\/edel-opal-roh-5\/"},"modified":"2020-05-19T17:04:56","modified_gmt":"2020-05-19T17:04:56","slug":"noble-opale-brut-5","status":"publish","type":"product","link":"https:\/\/westgem.shop\/fr\/produit\/noble-opale-brut-5\/","title":{"rendered":"OPALE NOBLE - BRUT"},"content":{"rendered":"<p>Depuis les c\u00e9l\u00e8bres QUILPIE OPAL FIELDS dans le SOUTH WEST QUEENSLAND en Australie<\/p>\n<p>BOULDER EDEL OPAL dans la matrice typique du gr\u00e8s<\/p>\n<p>Poids : 27 g Dimensions : 4,5 x 3 x 1,5 cm<\/p>","protected":false},"excerpt":{"rendered":"<p>Des c\u00e9l\u00e8bres QUILPIE OPAL FIELDS dans le SOUTH WEST QUEENSLAND en Australie BOULDER EDEL OPAL dans la matrice de gr\u00e8s typique Poids : 27 g Dimensions : 4,5 x 3 x 1,5 cm<\/p>","protected":false},"featured_media":5672,"template":"","meta":{"_acf_changed":false},"region":[],"product_brand":[],"product_cat":[15],"product_tag":[],"class_list":{"0":"post-5671","1":"product","2":"type-product","3":"status-publish","4":"has-post-thumbnail","6":"product_cat-mineralien","8":"first","9":"outofstock","10":"sold-individually","11":"product-type-simple"},"acf":[],"_links":{"self":[{"href":"https:\/\/westgem.shop\/fr\/wp-json\/wp\/v2\/product\/5671","targetHints":{"allow":["GET"]}}],"collection":[{"href":"https:\/\/westgem.shop\/fr\/wp-json\/wp\/v2\/product"}],"about":[{"href":"https:\/\/westgem.shop\/fr\/wp-json\/wp\/v2\/types\/product"}],"wp:featuredmedia":[{"embeddable":true,"href":"https:\/\/westgem.shop\/fr\/wp-json\/wp\/v2\/media\/5672"}],"wp:attachment":[{"href":"https:\/\/westgem.shop\/fr\/wp-json\/wp\/v2\/media?parent=5671"}],"wp:term":[{"taxonomy":"region","embeddable":true,"href":"https:\/\/westgem.shop\/fr\/wp-json\/wp\/v2\/region?post=5671"},{"taxonomy":"product_brand","embeddable":true,"href":"https:\/\/westgem.shop\/fr\/wp-json\/wp\/v2\/product_brand?post=5671"},{"taxonomy":"product_cat","embeddable":true,"href":"https:\/\/westgem.shop\/fr\/wp-json\/wp\/v2\/product_cat?post=5671"},{"taxonomy":"product_tag","embeddable":true,"href":"https:\/\/westgem.shop\/fr\/wp-json\/wp\/v2\/product_tag?post=5671"}],"curies":[{"name":"wp","href":"https:\/\/api.w.org\/{rel}","templated":true}]}}