{"id":569,"date":"2000-03-09T00:00:00","date_gmt":"2000-03-09T00:00:00","guid":{"rendered":"https:\/\/miners.rocks\/product\/107\/"},"modified":"2020-05-19T16:55:43","modified_gmt":"2020-05-19T16:55:43","slug":"malachite-niveau-deco-poli","status":"publish","type":"product","link":"https:\/\/westgem.shop\/fr\/produit\/malachite-niveau-deco-poli\/","title":{"rendered":"Marche d\u00e9corative en malachite polie"},"content":{"rendered":"<p>Belle et grande malachite provenant des sites o\u00f9 l'on trouve les meilleures malachites du moment.<\/p>\n<p>La pi\u00e8ce a \u00e9t\u00e9 polie de tous les c\u00f4t\u00e9s et les stalagtites pr\u00e9sentent de beaux dessins vert clair\/vert fonc\u00e9,<\/p>\n<p>La mati\u00e8re premi\u00e8re se trouve au Katanga, au Congo.<\/p>\n<p>Poids : 3,1 kilogrammes Dimensions : 25 x 17 x 8 cm<\/p>","protected":false},"excerpt":{"rendered":"<p>Belle et grande malachite provenant des sites o\u00f9 l'on trouve les meilleures malachites du moment. La pi\u00e8ce a \u00e9t\u00e9 polie sur toutes ses faces et les stalagtites pr\u00e9sentent de beaux dessins vert clair\/vert fonc\u00e9. Le mat\u00e9riau brut a \u00e9t\u00e9 trouv\u00e9 au Katanga, au Congo Poids : 3,1 kilogrammes Dimensions : 25 x 17 x 8 cm<\/p>","protected":false},"featured_media":570,"template":"","meta":{"_acf_changed":false},"region":[],"product_brand":[],"product_cat":[15],"product_tag":[],"class_list":{"0":"post-569","1":"product","2":"type-product","3":"status-publish","4":"has-post-thumbnail","6":"product_cat-mineralien","8":"first","9":"outofstock","10":"sold-individually","11":"product-type-simple"},"acf":[],"_links":{"self":[{"href":"https:\/\/westgem.shop\/fr\/wp-json\/wp\/v2\/product\/569","targetHints":{"allow":["GET"]}}],"collection":[{"href":"https:\/\/westgem.shop\/fr\/wp-json\/wp\/v2\/product"}],"about":[{"href":"https:\/\/westgem.shop\/fr\/wp-json\/wp\/v2\/types\/product"}],"wp:featuredmedia":[{"embeddable":true,"href":"https:\/\/westgem.shop\/fr\/wp-json\/wp\/v2\/media\/570"}],"wp:attachment":[{"href":"https:\/\/westgem.shop\/fr\/wp-json\/wp\/v2\/media?parent=569"}],"wp:term":[{"taxonomy":"region","embeddable":true,"href":"https:\/\/westgem.shop\/fr\/wp-json\/wp\/v2\/region?post=569"},{"taxonomy":"product_brand","embeddable":true,"href":"https:\/\/westgem.shop\/fr\/wp-json\/wp\/v2\/product_brand?post=569"},{"taxonomy":"product_cat","embeddable":true,"href":"https:\/\/westgem.shop\/fr\/wp-json\/wp\/v2\/product_cat?post=569"},{"taxonomy":"product_tag","embeddable":true,"href":"https:\/\/westgem.shop\/fr\/wp-json\/wp\/v2\/product_tag?post=569"}],"curies":[{"name":"wp","href":"https:\/\/api.w.org\/{rel}","templated":true}]}}