{"id":5690,"date":"2002-10-31T00:00:00","date_gmt":"2002-10-31T00:00:00","guid":{"rendered":"https:\/\/miners.rocks\/product\/tigereisen-platte-aa-extra\/"},"modified":"2020-05-19T17:04:58","modified_gmt":"2020-05-19T17:04:58","slug":"plaque-de-fer-tigre-aa-extra","status":"publish","type":"product","link":"https:\/\/westgem.shop\/fr\/produit\/plaque-de-fer-tigre-aa-extra\/","title":{"rendered":"Plaque en fer tigr\u00e9 AA Extra"},"content":{"rendered":"<p>Tr\u00e8s bien taill\u00e9e et polie.<\/p>\n<p>fer tigr\u00e9 = m\u00e9lange min\u00e9ral en couches de jaspe rouge-brun, d'\u0153il de tigre dor\u00e9 et de magn\u00e9tite m\u00e9tallique brillante ( Fe3O4)<\/p>\n<p>Les veines de magn\u00e9tite, en particulier, sont issues de minerais terrestres qui se sont \u00e9chapp\u00e9s de volcans sous-marins il y a plus de 2 MILLIARDS d'ann\u00e9es. Les autres composants ne se sont form\u00e9s que plus d'un milliard d'ann\u00e9es plus tard.<\/p>\n<p>Tr\u00e8s brillant , optiquement 1 A.<\/p>\n<p>Lieu de d\u00e9couverte de la mati\u00e8re premi\u00e8re : Bandet Iron Mine - TRANSVAAL - AFRIQUE DU SUD<\/p>\n<p>Poids : 450 g Dimensions : 11,5 x 10,5 cm \u00c9paisseur du panneau : 1,5 cm<\/p>","protected":false},"excerpt":{"rendered":"<p>Tr\u00e8s bien taill\u00e9e et polie. Fer de tigre = m\u00e9lange min\u00e9ral en couches de jaspe rouge-brun, d'\u0153il de tigre dor\u00e9 et de magn\u00e9tite m\u00e9tallique brillante ( Fe3O4) Les veines de magn\u00e9tite proviennent tout particuli\u00e8rement de ZENES MONDIAUX qui se sont \u00e9chapp\u00e9es de volcans sous-marins il y a plus de 2 MILLIARDS d'ann\u00e9es. Les autres composants ne se sont form\u00e9s que plus d'un milliard d'ann\u00e9es plus tard. Tr\u00e8s brillant, optiquement 1 [...]<\/p>","protected":false},"featured_media":5691,"template":"","meta":{"_acf_changed":false},"region":[],"product_brand":[],"product_cat":[15],"product_tag":[],"class_list":{"0":"post-5690","1":"product","2":"type-product","3":"status-publish","4":"has-post-thumbnail","6":"product_cat-mineralien","8":"first","9":"outofstock","10":"sold-individually","11":"product-type-simple"},"acf":[],"_links":{"self":[{"href":"https:\/\/westgem.shop\/fr\/wp-json\/wp\/v2\/product\/5690","targetHints":{"allow":["GET"]}}],"collection":[{"href":"https:\/\/westgem.shop\/fr\/wp-json\/wp\/v2\/product"}],"about":[{"href":"https:\/\/westgem.shop\/fr\/wp-json\/wp\/v2\/types\/product"}],"wp:featuredmedia":[{"embeddable":true,"href":"https:\/\/westgem.shop\/fr\/wp-json\/wp\/v2\/media\/5691"}],"wp:attachment":[{"href":"https:\/\/westgem.shop\/fr\/wp-json\/wp\/v2\/media?parent=5690"}],"wp:term":[{"taxonomy":"region","embeddable":true,"href":"https:\/\/westgem.shop\/fr\/wp-json\/wp\/v2\/region?post=5690"},{"taxonomy":"product_brand","embeddable":true,"href":"https:\/\/westgem.shop\/fr\/wp-json\/wp\/v2\/product_brand?post=5690"},{"taxonomy":"product_cat","embeddable":true,"href":"https:\/\/westgem.shop\/fr\/wp-json\/wp\/v2\/product_cat?post=5690"},{"taxonomy":"product_tag","embeddable":true,"href":"https:\/\/westgem.shop\/fr\/wp-json\/wp\/v2\/product_tag?post=5690"}],"curies":[{"name":"wp","href":"https:\/\/api.w.org\/{rel}","templated":true}]}}