{"id":5694,"date":"2002-11-01T00:00:00","date_gmt":"2002-11-01T00:00:00","guid":{"rendered":"https:\/\/miners.rocks\/product\/kupfer-gediegen-usa\/"},"modified":"2020-05-19T17:04:59","modified_gmt":"2020-05-19T17:04:59","slug":"cuivre-plaque-usa","status":"publish","type":"product","link":"https:\/\/westgem.shop\/fr\/produit\/cuivre-plaque-usa\/","title":{"rendered":"CUIVRE, solide - USA"},"content":{"rendered":"<p>CUIVRE naturel et solide. <\/p>\n<p>On qualifie de \"pure\" la pr\u00e9sence d'\u00e9l\u00e9ments chimiques purs.<\/p>\n<p>White Pine Mine - COOPER Caountry<\/p>\n<p>MICHIGAN - \u00c9TATS-UNIS<\/p>\n<p>Poids : 36 g Dimensions : 5,5 x 3 cm<\/p>","protected":false},"excerpt":{"rendered":"<p>CUIVRE de qualit\u00e9 naturelle. Le terme \"solide\" d\u00e9signe la pr\u00e9sence d'\u00e9l\u00e9ments chimiques purs. White Pine Mine - COOPER Caountry MICHIGAN - USA Poids : 36 g Dimensions : 5,5 x 3 cm<\/p>","protected":false},"featured_media":5695,"template":"","meta":{"_acf_changed":false},"region":[],"product_brand":[],"product_cat":[15],"product_tag":[],"class_list":{"0":"post-5694","1":"product","2":"type-product","3":"status-publish","4":"has-post-thumbnail","6":"product_cat-mineralien","8":"first","9":"outofstock","10":"sold-individually","11":"product-type-simple"},"acf":[],"_links":{"self":[{"href":"https:\/\/westgem.shop\/fr\/wp-json\/wp\/v2\/product\/5694","targetHints":{"allow":["GET"]}}],"collection":[{"href":"https:\/\/westgem.shop\/fr\/wp-json\/wp\/v2\/product"}],"about":[{"href":"https:\/\/westgem.shop\/fr\/wp-json\/wp\/v2\/types\/product"}],"wp:featuredmedia":[{"embeddable":true,"href":"https:\/\/westgem.shop\/fr\/wp-json\/wp\/v2\/media\/5695"}],"wp:attachment":[{"href":"https:\/\/westgem.shop\/fr\/wp-json\/wp\/v2\/media?parent=5694"}],"wp:term":[{"taxonomy":"region","embeddable":true,"href":"https:\/\/westgem.shop\/fr\/wp-json\/wp\/v2\/region?post=5694"},{"taxonomy":"product_brand","embeddable":true,"href":"https:\/\/westgem.shop\/fr\/wp-json\/wp\/v2\/product_brand?post=5694"},{"taxonomy":"product_cat","embeddable":true,"href":"https:\/\/westgem.shop\/fr\/wp-json\/wp\/v2\/product_cat?post=5694"},{"taxonomy":"product_tag","embeddable":true,"href":"https:\/\/westgem.shop\/fr\/wp-json\/wp\/v2\/product_tag?post=5694"}],"curies":[{"name":"wp","href":"https:\/\/api.w.org\/{rel}","templated":true}]}}