{"id":5706,"date":"2002-11-04T00:00:00","date_gmt":"2002-11-04T00:00:00","guid":{"rendered":"https:\/\/miners.rocks\/product\/kupfer-gediegen-usa-3\/"},"modified":"2020-05-19T17:05:00","modified_gmt":"2020-05-19T17:05:00","slug":"cuivre-plaque-usa-3","status":"publish","type":"product","link":"https:\/\/westgem.shop\/fr\/produit\/cuivre-plaque-usa-3\/","title":{"rendered":"CUIVRE, solide - USA"},"content":{"rendered":"<p>CUIVRE naturel et solide.<\/p>\n<p>En min\u00e9ralogie, on d\u00e9signe par \"dite\" la pr\u00e9sence d'\u00e9l\u00e9ments chimiques purs.<\/p>\n<p>Rares pi\u00e8ces de la fameuse MINE DE COUPLE \u00e0 WHITE PINE dans le \"Cooper Country\" de MICHIGAN - USA<\/p>\n<p>Poids : 70 g Dimensions : 6 x 5 cm<\/p>","protected":false},"excerpt":{"rendered":"<p>CUIVRE naturel, natif. En min\u00e9ralogie, la pr\u00e9sence d'\u00e9l\u00e9ments chimiques purs est qualifi\u00e9e de solide. Rares pi\u00e8ces de la c\u00e9l\u00e8bre MINE DE CUIVRE \u00e0 WHITE PINE dans le \"Cooper Country\" de MICHIGAN - USA Poids : 70 g Dimensions : 6 x 5 cm<\/p>","protected":false},"featured_media":5707,"template":"","meta":{"_acf_changed":false},"region":[],"product_brand":[],"product_cat":[15],"product_tag":[],"class_list":{"0":"post-5706","1":"product","2":"type-product","3":"status-publish","4":"has-post-thumbnail","6":"product_cat-mineralien","8":"first","9":"outofstock","10":"sold-individually","11":"product-type-simple"},"acf":[],"_links":{"self":[{"href":"https:\/\/westgem.shop\/fr\/wp-json\/wp\/v2\/product\/5706","targetHints":{"allow":["GET"]}}],"collection":[{"href":"https:\/\/westgem.shop\/fr\/wp-json\/wp\/v2\/product"}],"about":[{"href":"https:\/\/westgem.shop\/fr\/wp-json\/wp\/v2\/types\/product"}],"wp:featuredmedia":[{"embeddable":true,"href":"https:\/\/westgem.shop\/fr\/wp-json\/wp\/v2\/media\/5707"}],"wp:attachment":[{"href":"https:\/\/westgem.shop\/fr\/wp-json\/wp\/v2\/media?parent=5706"}],"wp:term":[{"taxonomy":"region","embeddable":true,"href":"https:\/\/westgem.shop\/fr\/wp-json\/wp\/v2\/region?post=5706"},{"taxonomy":"product_brand","embeddable":true,"href":"https:\/\/westgem.shop\/fr\/wp-json\/wp\/v2\/product_brand?post=5706"},{"taxonomy":"product_cat","embeddable":true,"href":"https:\/\/westgem.shop\/fr\/wp-json\/wp\/v2\/product_cat?post=5706"},{"taxonomy":"product_tag","embeddable":true,"href":"https:\/\/westgem.shop\/fr\/wp-json\/wp\/v2\/product_tag?post=5706"}],"curies":[{"name":"wp","href":"https:\/\/api.w.org\/{rel}","templated":true}]}}