{"id":5713,"date":"2002-11-06T00:00:00","date_gmt":"2002-11-06T00:00:00","guid":{"rendered":"https:\/\/miners.rocks\/product\/fluorit-xx-hochalpin\/"},"modified":"2020-05-19T17:05:02","modified_gmt":"2020-05-19T17:05:02","slug":"fluorite-xx-haute-alpine","status":"publish","type":"product","link":"https:\/\/westgem.shop\/fr\/produit\/fluorite-xx-haute-alpine\/","title":{"rendered":"FLUORIT xx - Haute montagne"},"content":{"rendered":"<p>Tr\u00e8s beau niveau de FLUORITE, avec des cristaux blancs \u00e0 bleu-violet.<\/p>\n<p>Couleurs zonales dans les xx cubiques. <\/p>\n<p>Le lieu de la d\u00e9couverte \u00e9tait la c\u00e9l\u00e8bre fissure de FLUORITE au sommet du WEISECK dans les Hohe Tauern - Salzbourg.<\/p>\n<p>Poids : 240 g Dimensions : 9 x 5,5 x 3,5 cm<\/p>\n<p>De beaux cristaux tout autour !<\/p>","protected":false},"excerpt":{"rendered":"<p>Tr\u00e8s beau niveau de FLUORITE, avec des cristaux blancs \u00e0 bleu-violet. Couleurs zonales dans les xx cubiques. Le lieu de d\u00e9couverte \u00e9tait la fameuse fissure de FLUORITE au sommet du WEISECK dans les Hohe Tauern - Salzbourg Poids : 240 g Dimensions : 9 x 5,5 x 3,5 cm De beaux cristaux tout autour !<\/p>","protected":false},"featured_media":5714,"template":"","meta":{"_acf_changed":false},"region":[],"product_brand":[],"product_cat":[15],"product_tag":[],"class_list":{"0":"post-5713","1":"product","2":"type-product","3":"status-publish","4":"has-post-thumbnail","6":"product_cat-mineralien","8":"first","9":"outofstock","10":"sold-individually","11":"product-type-simple"},"acf":[],"_links":{"self":[{"href":"https:\/\/westgem.shop\/fr\/wp-json\/wp\/v2\/product\/5713","targetHints":{"allow":["GET"]}}],"collection":[{"href":"https:\/\/westgem.shop\/fr\/wp-json\/wp\/v2\/product"}],"about":[{"href":"https:\/\/westgem.shop\/fr\/wp-json\/wp\/v2\/types\/product"}],"wp:featuredmedia":[{"embeddable":true,"href":"https:\/\/westgem.shop\/fr\/wp-json\/wp\/v2\/media\/5714"}],"wp:attachment":[{"href":"https:\/\/westgem.shop\/fr\/wp-json\/wp\/v2\/media?parent=5713"}],"wp:term":[{"taxonomy":"region","embeddable":true,"href":"https:\/\/westgem.shop\/fr\/wp-json\/wp\/v2\/region?post=5713"},{"taxonomy":"product_brand","embeddable":true,"href":"https:\/\/westgem.shop\/fr\/wp-json\/wp\/v2\/product_brand?post=5713"},{"taxonomy":"product_cat","embeddable":true,"href":"https:\/\/westgem.shop\/fr\/wp-json\/wp\/v2\/product_cat?post=5713"},{"taxonomy":"product_tag","embeddable":true,"href":"https:\/\/westgem.shop\/fr\/wp-json\/wp\/v2\/product_tag?post=5713"}],"curies":[{"name":"wp","href":"https:\/\/api.w.org\/{rel}","templated":true}]}}