{"id":572,"date":"2000-03-10T00:00:00","date_gmt":"2000-03-10T00:00:00","guid":{"rendered":"https:\/\/miners.rocks\/product\/111\/"},"modified":"2020-05-19T16:55:43","modified_gmt":"2020-05-19T16:55:43","slug":"haematite-xx-tete-de-verre-rouge","status":"publish","type":"product","link":"https:\/\/westgem.shop\/fr\/produit\/haematite-xx-tete-de-verre-rouge\/","title":{"rendered":"H\u00e9matite xx - t\u00eate de verre rouge"},"content":{"rendered":"<p>H\u00e9matite v\u00e9ritable de la vari\u00e9t\u00e9 minerai de fer rouge avec surface lisse en forme de t\u00eate de verre sur minerai de fer h\u00e9matite grossi\u00e8re<\/p>\n<p>Poids : 620 g Dimensions : 13 x 11 x 2 cm<\/p>\n<p>Lieu de la d\u00e9couverte. Fosse aux tubercules de Bad Lauternberg dans le Harz - Allemagne<\/p>","protected":false},"excerpt":{"rendered":"<p>H\u00e9matite v\u00e9ritable de la vari\u00e9t\u00e9 minerai de fer rouge avec surface lisse en forme de t\u00eate de verre sur minerai de fer h\u00e9matite grossier Poids : 620 g Dimensions : 13 x 11 x 2 cm Lieu de d\u00e9couverte. Mine \u00e0 bulbes de Bad Lauternberg dans le Harz - Allemagne<\/p>","protected":false},"featured_media":573,"template":"","meta":{"_acf_changed":false},"region":[],"product_brand":[],"product_cat":[15],"product_tag":[],"class_list":{"0":"post-572","1":"product","2":"type-product","3":"status-publish","4":"has-post-thumbnail","6":"product_cat-mineralien","8":"first","9":"outofstock","10":"sold-individually","11":"product-type-simple"},"acf":[],"_links":{"self":[{"href":"https:\/\/westgem.shop\/fr\/wp-json\/wp\/v2\/product\/572","targetHints":{"allow":["GET"]}}],"collection":[{"href":"https:\/\/westgem.shop\/fr\/wp-json\/wp\/v2\/product"}],"about":[{"href":"https:\/\/westgem.shop\/fr\/wp-json\/wp\/v2\/types\/product"}],"wp:featuredmedia":[{"embeddable":true,"href":"https:\/\/westgem.shop\/fr\/wp-json\/wp\/v2\/media\/573"}],"wp:attachment":[{"href":"https:\/\/westgem.shop\/fr\/wp-json\/wp\/v2\/media?parent=572"}],"wp:term":[{"taxonomy":"region","embeddable":true,"href":"https:\/\/westgem.shop\/fr\/wp-json\/wp\/v2\/region?post=572"},{"taxonomy":"product_brand","embeddable":true,"href":"https:\/\/westgem.shop\/fr\/wp-json\/wp\/v2\/product_brand?post=572"},{"taxonomy":"product_cat","embeddable":true,"href":"https:\/\/westgem.shop\/fr\/wp-json\/wp\/v2\/product_cat?post=572"},{"taxonomy":"product_tag","embeddable":true,"href":"https:\/\/westgem.shop\/fr\/wp-json\/wp\/v2\/product_tag?post=572"}],"curies":[{"name":"wp","href":"https:\/\/api.w.org\/{rel}","templated":true}]}}