{"id":5720,"date":"2002-11-07T00:00:00","date_gmt":"2002-11-07T00:00:00","guid":{"rendered":"https:\/\/miners.rocks\/product\/fluorit-xx-hohe-tauern-6\/"},"modified":"2020-05-19T17:05:03","modified_gmt":"2020-05-19T17:05:03","slug":"fluorite-xx-haut-tauern-6","status":"publish","type":"product","link":"https:\/\/westgem.shop\/fr\/produit\/fluorite-xx-haut-tauern-6\/","title":{"rendered":"FLUORITE xx - HAUTES RUPES"},"content":{"rendered":"<p>De la fameuse station situ\u00e9e dans la zone sommitale du WEISECK.<\/p>\n<p>\u00c9tape FLUORITE avec des cristaux rares de couleur zon\u00e9e bleu\/violet.<\/p>\n<p>Poids : 114 g Dimensions : 7,5 x 5 x 4 cm<\/p>","protected":false},"excerpt":{"rendered":"<p>Provient du c\u00e9l\u00e8bre site au sommet du WEISECK. Niveau de FLUORITE avec des cristaux rares de couleur zon\u00e9e bleu\/violet. Poids : 114 g Dimensions : 7,5 x 5 x 4 cm<\/p>","protected":false},"featured_media":5721,"template":"","meta":{"_acf_changed":false},"region":[],"product_brand":[],"product_cat":[15],"product_tag":[],"class_list":{"0":"post-5720","1":"product","2":"type-product","3":"status-publish","4":"has-post-thumbnail","6":"product_cat-mineralien","8":"first","9":"outofstock","10":"sold-individually","11":"product-type-simple"},"acf":[],"_links":{"self":[{"href":"https:\/\/westgem.shop\/fr\/wp-json\/wp\/v2\/product\/5720","targetHints":{"allow":["GET"]}}],"collection":[{"href":"https:\/\/westgem.shop\/fr\/wp-json\/wp\/v2\/product"}],"about":[{"href":"https:\/\/westgem.shop\/fr\/wp-json\/wp\/v2\/types\/product"}],"wp:featuredmedia":[{"embeddable":true,"href":"https:\/\/westgem.shop\/fr\/wp-json\/wp\/v2\/media\/5721"}],"wp:attachment":[{"href":"https:\/\/westgem.shop\/fr\/wp-json\/wp\/v2\/media?parent=5720"}],"wp:term":[{"taxonomy":"region","embeddable":true,"href":"https:\/\/westgem.shop\/fr\/wp-json\/wp\/v2\/region?post=5720"},{"taxonomy":"product_brand","embeddable":true,"href":"https:\/\/westgem.shop\/fr\/wp-json\/wp\/v2\/product_brand?post=5720"},{"taxonomy":"product_cat","embeddable":true,"href":"https:\/\/westgem.shop\/fr\/wp-json\/wp\/v2\/product_cat?post=5720"},{"taxonomy":"product_tag","embeddable":true,"href":"https:\/\/westgem.shop\/fr\/wp-json\/wp\/v2\/product_tag?post=5720"}],"curies":[{"name":"wp","href":"https:\/\/api.w.org\/{rel}","templated":true}]}}