{"id":5727,"date":"2002-11-08T00:00:00","date_gmt":"2002-11-08T00:00:00","guid":{"rendered":"https:\/\/miners.rocks\/product\/zirkon-xx\/"},"modified":"2020-05-19T17:05:04","modified_gmt":"2020-05-19T17:05:04","slug":"zircon-xx-5","status":"publish","type":"product","link":"https:\/\/westgem.shop\/fr\/produit\/zircon-xx-5\/","title":{"rendered":"ZIRCONE xx"},"content":{"rendered":"<p>ZIRKON Cristaux dans la roche m\u00e8re.<\/p>\n<p>Les zircons bruns sont aussi appel\u00e9s HYAZITH . Les zircons sont tr\u00e8s DURS et comptent parmi les min\u00e9raux les plus anciens de la Terre.<\/p>\n<p>xx \u00e0 colonnes courtes en matrice - belles couleurs UV.<\/p>\n<p>localisation de la trouvaille : Madagascar<\/p>\n<p>Poids : 210 g 'Dimensions : 7 x 5 x 4 cm<\/p>\n<p>La derni\u00e8re photo montre l'arri\u00e8re des marches.<\/p>","protected":false},"excerpt":{"rendered":"<p>Cristaux de ZIRCONE dans la roche m\u00e8re. Les zircons bruns sont aussi appel\u00e9s HYAZITH . Les zircons sont tr\u00e8s DURS et comptent parmi les min\u00e9raux les plus anciens de la Terre. Des xx \u00e0 colonne courte dans une matrice - belles couleurs UV. Lieu de d\u00e9couverte : Madagascar Poids : 210 g 'Dimensions : 7 x 5 x 4 cm La derni\u00e8re photo montre le dos des marches.<\/p>","protected":false},"featured_media":5728,"template":"","meta":{"_acf_changed":false},"region":[],"product_brand":[],"product_cat":[15],"product_tag":[],"class_list":{"0":"post-5727","1":"product","2":"type-product","3":"status-publish","4":"has-post-thumbnail","6":"product_cat-mineralien","8":"first","9":"outofstock","10":"sold-individually","11":"product-type-simple"},"acf":[],"_links":{"self":[{"href":"https:\/\/westgem.shop\/fr\/wp-json\/wp\/v2\/product\/5727","targetHints":{"allow":["GET"]}}],"collection":[{"href":"https:\/\/westgem.shop\/fr\/wp-json\/wp\/v2\/product"}],"about":[{"href":"https:\/\/westgem.shop\/fr\/wp-json\/wp\/v2\/types\/product"}],"wp:featuredmedia":[{"embeddable":true,"href":"https:\/\/westgem.shop\/fr\/wp-json\/wp\/v2\/media\/5728"}],"wp:attachment":[{"href":"https:\/\/westgem.shop\/fr\/wp-json\/wp\/v2\/media?parent=5727"}],"wp:term":[{"taxonomy":"region","embeddable":true,"href":"https:\/\/westgem.shop\/fr\/wp-json\/wp\/v2\/region?post=5727"},{"taxonomy":"product_brand","embeddable":true,"href":"https:\/\/westgem.shop\/fr\/wp-json\/wp\/v2\/product_brand?post=5727"},{"taxonomy":"product_cat","embeddable":true,"href":"https:\/\/westgem.shop\/fr\/wp-json\/wp\/v2\/product_cat?post=5727"},{"taxonomy":"product_tag","embeddable":true,"href":"https:\/\/westgem.shop\/fr\/wp-json\/wp\/v2\/product_tag?post=5727"}],"curies":[{"name":"wp","href":"https:\/\/api.w.org\/{rel}","templated":true}]}}