{"id":5732,"date":"2002-11-09T00:00:00","date_gmt":"2002-11-09T00:00:00","guid":{"rendered":"https:\/\/miners.rocks\/product\/calcit-xx-auf-antimoniterz\/"},"modified":"2020-05-19T17:05:04","modified_gmt":"2020-05-19T17:05:04","slug":"calcite-xx-sur-minerai-dantimoine-2","status":"publish","type":"product","link":"https:\/\/westgem.shop\/fr\/produit\/calcite-xx-sur-minerai-dantimoine-2\/","title":{"rendered":"CALCIT xx sur minerai d'antimoine"},"content":{"rendered":"<\/p>\n<p>\n\tCALCITE xx ambr\u00e9e, en forme de \"fleur\" sur ANTIMONITE ERZ gris-noir et rugueux.<\/p>\n<p>\n\tCALCIT = calcite , formes cristallines de scal\u00e8nes<\/p>\n<p>\n\tTrouv\u00e9 dans la mine de Xionghueng \u00e0 WUYU Guangxi - CHINE<\/p>\n<p>\n\tLa DERNI\u00c8RE pi\u00e8ce d'une d\u00e9couverte connue en 1999.<\/p>\n<p>\n\tPoids : 1,3 kilogramme Dimensions : 17 x 13 x 10 cm<\/p>\n<p>\n\tLa derni\u00e8re image montre les marches du bas<\/p>\n<p>","protected":false},"excerpt":{"rendered":"<p>CALCITE xx ambr\u00e9e, en forme de \"fleur\" sur un minerai d'ANTIMONITE gris-noir et rugueux. CALCITE = calcite , formes cristallines de scal\u00e8ne Le lieu de d\u00e9couverte \u00e9tait la mine de Xionghueng \u00e0 WUYU Guangxi - CHINE La DERNI\u00c8RE pi\u00e8ce d'une d\u00e9couverte connue en 1999 Poids : 1,3 kilogrammes Dimensions : 17 x 13 x 10 cm La derni\u00e8re photo montre le dessous des marches<\/p>","protected":false},"featured_media":5733,"template":"","meta":{"_acf_changed":false},"region":[],"product_brand":[],"product_cat":[15],"product_tag":[],"class_list":{"0":"post-5732","1":"product","2":"type-product","3":"status-publish","4":"has-post-thumbnail","6":"product_cat-mineralien","8":"first","9":"outofstock","10":"sold-individually","11":"product-type-simple"},"acf":[],"_links":{"self":[{"href":"https:\/\/westgem.shop\/fr\/wp-json\/wp\/v2\/product\/5732","targetHints":{"allow":["GET"]}}],"collection":[{"href":"https:\/\/westgem.shop\/fr\/wp-json\/wp\/v2\/product"}],"about":[{"href":"https:\/\/westgem.shop\/fr\/wp-json\/wp\/v2\/types\/product"}],"wp:featuredmedia":[{"embeddable":true,"href":"https:\/\/westgem.shop\/fr\/wp-json\/wp\/v2\/media\/5733"}],"wp:attachment":[{"href":"https:\/\/westgem.shop\/fr\/wp-json\/wp\/v2\/media?parent=5732"}],"wp:term":[{"taxonomy":"region","embeddable":true,"href":"https:\/\/westgem.shop\/fr\/wp-json\/wp\/v2\/region?post=5732"},{"taxonomy":"product_brand","embeddable":true,"href":"https:\/\/westgem.shop\/fr\/wp-json\/wp\/v2\/product_brand?post=5732"},{"taxonomy":"product_cat","embeddable":true,"href":"https:\/\/westgem.shop\/fr\/wp-json\/wp\/v2\/product_cat?post=5732"},{"taxonomy":"product_tag","embeddable":true,"href":"https:\/\/westgem.shop\/fr\/wp-json\/wp\/v2\/product_tag?post=5732"}],"curies":[{"name":"wp","href":"https:\/\/api.w.org\/{rel}","templated":true}]}}