{"id":5748,"date":"2002-11-12T00:00:00","date_gmt":"2002-11-12T00:00:00","guid":{"rendered":"https:\/\/miners.rocks\/product\/zirkon-xx-3\/"},"modified":"2020-05-19T17:05:06","modified_gmt":"2020-05-19T17:05:06","slug":"zircon-xx-3","status":"publish","type":"product","link":"https:\/\/westgem.shop\/fr\/produit\/zircon-xx-3\/","title":{"rendered":"ZIRCONE xx"},"content":{"rendered":"<p>Cristaux de ZIRCON dans la roche m\u00e8re<\/p>\n<p>Les CIRCONES brunes sont \u00e9galement appel\u00e9es HYAZINTHE.<\/p>\n<p>Cristaux ZIRKON \u00e9galement \u00e0 l'arri\u00e8re des marches<\/p>\n<p>De l'ancien stock.<\/p>\n<p>Les cristaux ont \u00e9t\u00e9 trouv\u00e9s \u00e0 Madagascar<\/p>\n<p>Poids : 80 g Dimensions : 6 x 5 cm<\/p>","protected":false},"excerpt":{"rendered":"<p>Cristaux de ZIRCONE dans la roche m\u00e8re Les ZIRCONES brunes sont \u00e9galement appel\u00e9es HYAZINTHE. Cristaux de ZIRCONE \u00e9galement sur le dos des marches. Les cristaux ont \u00e9t\u00e9 trouv\u00e9s \u00e0 Madagascar Poids : 80 g Dimensions : 6 x 5 cm<\/p>","protected":false},"featured_media":5749,"template":"","meta":{"_acf_changed":false},"region":[],"product_brand":[],"product_cat":[15],"product_tag":[],"class_list":{"0":"post-5748","1":"product","2":"type-product","3":"status-publish","4":"has-post-thumbnail","6":"product_cat-mineralien","8":"first","9":"outofstock","10":"sold-individually","11":"product-type-simple"},"acf":[],"_links":{"self":[{"href":"https:\/\/westgem.shop\/fr\/wp-json\/wp\/v2\/product\/5748","targetHints":{"allow":["GET"]}}],"collection":[{"href":"https:\/\/westgem.shop\/fr\/wp-json\/wp\/v2\/product"}],"about":[{"href":"https:\/\/westgem.shop\/fr\/wp-json\/wp\/v2\/types\/product"}],"wp:featuredmedia":[{"embeddable":true,"href":"https:\/\/westgem.shop\/fr\/wp-json\/wp\/v2\/media\/5749"}],"wp:attachment":[{"href":"https:\/\/westgem.shop\/fr\/wp-json\/wp\/v2\/media?parent=5748"}],"wp:term":[{"taxonomy":"region","embeddable":true,"href":"https:\/\/westgem.shop\/fr\/wp-json\/wp\/v2\/region?post=5748"},{"taxonomy":"product_brand","embeddable":true,"href":"https:\/\/westgem.shop\/fr\/wp-json\/wp\/v2\/product_brand?post=5748"},{"taxonomy":"product_cat","embeddable":true,"href":"https:\/\/westgem.shop\/fr\/wp-json\/wp\/v2\/product_cat?post=5748"},{"taxonomy":"product_tag","embeddable":true,"href":"https:\/\/westgem.shop\/fr\/wp-json\/wp\/v2\/product_tag?post=5748"}],"curies":[{"name":"wp","href":"https:\/\/api.w.org\/{rel}","templated":true}]}}