{"id":575,"date":"2000-03-11T00:00:00","date_gmt":"2000-03-11T00:00:00","guid":{"rendered":"https:\/\/miners.rocks\/product\/115\/"},"modified":"2020-05-19T16:55:44","modified_gmt":"2020-05-19T16:55:44","slug":"sceptre-en-cristal-de-roche-avec-double-pointe","status":"publish","type":"product","link":"https:\/\/westgem.shop\/fr\/produit\/sceptre-en-cristal-de-roche-avec-double-pointe\/","title":{"rendered":"Sceptre en cristal de roche avec double pointe"},"content":{"rendered":"<p>Petit et beau cristal en forme de sceptre avec une pointe jumelle, trouv\u00e9 en 2006 sur la Schoberspitze dans le groupe Rei\u00dfeck. Dans une zone du Rei\u00dfeck, les quartz sont souvent form\u00e9s par des g\u00e9n\u00e9rations de branches. Mais aujourd'hui, il faut beaucoup de chance au collectionneur pour trouver un bon cristal de sceptre.<\/p>\n<p>La marche est dans son \u00e9tat de d\u00e9couverte d'origine et n'a pas \u00e9t\u00e9 nettoy\u00e9e.<\/p>\n<p>Poids : 150 g Dimensions : 9 x 4 x 4 cm Cristal du sceptre : environ 2 cm de haut, non endommag\u00e9 !<\/p>","protected":false},"excerpt":{"rendered":"<p>Petit et beau cristal en forme de sceptre avec une pointe jumelle, trouv\u00e9 en 2006 sur la Schoberspitze dans le groupe Rei\u00dfeck. Dans une zone du Rei\u00dfeck, les quartz sont souvent form\u00e9s par des g\u00e9n\u00e9rations de branches. Mais aujourd'hui, il faut beaucoup de chance au collectionneur pour trouver un bon cristal de sceptre. Le niveau est dans son \u00e9tat de d\u00e9couverte d'origine et n'a pas \u00e9t\u00e9 nettoy\u00e9. Poids : 150 g Dimensions : [...]<\/p>","protected":false},"featured_media":576,"template":"","meta":{"_acf_changed":false},"region":[],"product_brand":[],"product_cat":[15],"product_tag":[],"class_list":{"0":"post-575","1":"product","2":"type-product","3":"status-publish","4":"has-post-thumbnail","6":"product_cat-mineralien","8":"first","9":"outofstock","10":"sold-individually","11":"product-type-simple"},"acf":[],"_links":{"self":[{"href":"https:\/\/westgem.shop\/fr\/wp-json\/wp\/v2\/product\/575","targetHints":{"allow":["GET"]}}],"collection":[{"href":"https:\/\/westgem.shop\/fr\/wp-json\/wp\/v2\/product"}],"about":[{"href":"https:\/\/westgem.shop\/fr\/wp-json\/wp\/v2\/types\/product"}],"wp:featuredmedia":[{"embeddable":true,"href":"https:\/\/westgem.shop\/fr\/wp-json\/wp\/v2\/media\/576"}],"wp:attachment":[{"href":"https:\/\/westgem.shop\/fr\/wp-json\/wp\/v2\/media?parent=575"}],"wp:term":[{"taxonomy":"region","embeddable":true,"href":"https:\/\/westgem.shop\/fr\/wp-json\/wp\/v2\/region?post=575"},{"taxonomy":"product_brand","embeddable":true,"href":"https:\/\/westgem.shop\/fr\/wp-json\/wp\/v2\/product_brand?post=575"},{"taxonomy":"product_cat","embeddable":true,"href":"https:\/\/westgem.shop\/fr\/wp-json\/wp\/v2\/product_cat?post=575"},{"taxonomy":"product_tag","embeddable":true,"href":"https:\/\/westgem.shop\/fr\/wp-json\/wp\/v2\/product_tag?post=575"}],"curies":[{"name":"wp","href":"https:\/\/api.w.org\/{rel}","templated":true}]}}