{"id":5759,"date":"2002-11-14T00:00:00","date_gmt":"2002-11-14T00:00:00","guid":{"rendered":"https:\/\/miners.rocks\/product\/haematitglimmer-pyrit\/"},"modified":"2020-05-19T17:05:08","modified_gmt":"2020-05-19T17:05:08","slug":"hematite-micacee-pyrite","status":"publish","type":"product","link":"https:\/\/westgem.shop\/fr\/produit\/hematite-micacee-pyrite\/","title":{"rendered":"H\u00c9MATITE MICAC\u00c9E &amp; PYRITE"},"content":{"rendered":"<p>H\u00e9matite noire profonde - LAME DE FER avec PYRITES dor\u00e9es brillantes<\/p>\n<p>Lieu de d\u00e9couverte : WALDENSTEIN - KORALPE <br \/>\nCarinthie<\/p>\n<p>Poids : 315 g Dimensions : 11 x 6,5 cm<\/p>","protected":false},"excerpt":{"rendered":"<p>H\u00e9matite d'un noir profond - LIMITE DE FER avec PYRITE dor\u00e9e Lieu de d\u00e9couverte : WALDENSTEIN - KORALPE Carinthie Poids : 315 g Dimensions : 11 x 6,5 cm<\/p>","protected":false},"featured_media":5760,"template":"","meta":{"_acf_changed":false},"region":[],"product_brand":[],"product_cat":[15],"product_tag":[],"class_list":{"0":"post-5759","1":"product","2":"type-product","3":"status-publish","4":"has-post-thumbnail","6":"product_cat-mineralien","8":"first","9":"outofstock","10":"sold-individually","11":"product-type-simple"},"acf":[],"_links":{"self":[{"href":"https:\/\/westgem.shop\/fr\/wp-json\/wp\/v2\/product\/5759","targetHints":{"allow":["GET"]}}],"collection":[{"href":"https:\/\/westgem.shop\/fr\/wp-json\/wp\/v2\/product"}],"about":[{"href":"https:\/\/westgem.shop\/fr\/wp-json\/wp\/v2\/types\/product"}],"wp:featuredmedia":[{"embeddable":true,"href":"https:\/\/westgem.shop\/fr\/wp-json\/wp\/v2\/media\/5760"}],"wp:attachment":[{"href":"https:\/\/westgem.shop\/fr\/wp-json\/wp\/v2\/media?parent=5759"}],"wp:term":[{"taxonomy":"region","embeddable":true,"href":"https:\/\/westgem.shop\/fr\/wp-json\/wp\/v2\/region?post=5759"},{"taxonomy":"product_brand","embeddable":true,"href":"https:\/\/westgem.shop\/fr\/wp-json\/wp\/v2\/product_brand?post=5759"},{"taxonomy":"product_cat","embeddable":true,"href":"https:\/\/westgem.shop\/fr\/wp-json\/wp\/v2\/product_cat?post=5759"},{"taxonomy":"product_tag","embeddable":true,"href":"https:\/\/westgem.shop\/fr\/wp-json\/wp\/v2\/product_tag?post=5759"}],"curies":[{"name":"wp","href":"https:\/\/api.w.org\/{rel}","templated":true}]}}