{"id":5764,"date":"2002-11-15T00:00:00","date_gmt":"2002-11-15T00:00:00","guid":{"rendered":"https:\/\/miners.rocks\/product\/gipslocke-mit-azurit-und-brochantit\/"},"modified":"2020-05-19T17:05:08","modified_gmt":"2020-05-19T17:05:08","slug":"cloche-en-platre-avec-azurite-et-brochantite","status":"publish","type":"product","link":"https:\/\/westgem.shop\/fr\/produit\/cloche-en-platre-avec-azurite-et-brochantite\/","title":{"rendered":"GIPSLOCKE avec AZURIT et BROCHANTIT"},"content":{"rendered":"<p>Magnifique GIPS\/SELENIT LOCKE, croissance naturelle<\/p>\n<\/p>\n<p>sur roche m\u00e8re avec de l'AZURITE d'un bleu profond et de la BROCHANTITE verd\u00e2tre<\/p>\n<\/p>\n<p>Des sites abandonn\u00e9s depuis de nombreuses ann\u00e9es \u00e0 MIBLADEN<\/p>\n<\/p>\n<p>Maroc - Nord - Afrique<\/p>\n<\/p>\n<p>Poids : 530 g Dimensions : 12 x 10 x 7 cm<\/p>","protected":false},"excerpt":{"rendered":"<p>Magnifique LOCKE DE GIPS\/SELENITE, ayant pouss\u00e9 naturellement sur une roche m\u00e8re avec de l'AZURITE d'un bleu profond et de la BROCHANTITE verd\u00e2tre Provenant de gisements abandonn\u00e9s depuis de nombreuses ann\u00e9es \u00e0 MIBLADE Maroc - Afrique du Nord Poids : 530 g Dimensions : 12 x 10 x 7 cm<\/p>","protected":false},"featured_media":5765,"template":"","meta":{"_acf_changed":false},"region":[],"product_brand":[],"product_cat":[15],"product_tag":[],"class_list":{"0":"post-5764","1":"product","2":"type-product","3":"status-publish","4":"has-post-thumbnail","6":"product_cat-mineralien","8":"first","9":"outofstock","10":"sold-individually","11":"product-type-simple"},"acf":[],"_links":{"self":[{"href":"https:\/\/westgem.shop\/fr\/wp-json\/wp\/v2\/product\/5764","targetHints":{"allow":["GET"]}}],"collection":[{"href":"https:\/\/westgem.shop\/fr\/wp-json\/wp\/v2\/product"}],"about":[{"href":"https:\/\/westgem.shop\/fr\/wp-json\/wp\/v2\/types\/product"}],"wp:featuredmedia":[{"embeddable":true,"href":"https:\/\/westgem.shop\/fr\/wp-json\/wp\/v2\/media\/5765"}],"wp:attachment":[{"href":"https:\/\/westgem.shop\/fr\/wp-json\/wp\/v2\/media?parent=5764"}],"wp:term":[{"taxonomy":"region","embeddable":true,"href":"https:\/\/westgem.shop\/fr\/wp-json\/wp\/v2\/region?post=5764"},{"taxonomy":"product_brand","embeddable":true,"href":"https:\/\/westgem.shop\/fr\/wp-json\/wp\/v2\/product_brand?post=5764"},{"taxonomy":"product_cat","embeddable":true,"href":"https:\/\/westgem.shop\/fr\/wp-json\/wp\/v2\/product_cat?post=5764"},{"taxonomy":"product_tag","embeddable":true,"href":"https:\/\/westgem.shop\/fr\/wp-json\/wp\/v2\/product_tag?post=5764"}],"curies":[{"name":"wp","href":"https:\/\/api.w.org\/{rel}","templated":true}]}}