{"id":5768,"date":"2002-11-16T00:00:00","date_gmt":"2002-11-16T00:00:00","guid":{"rendered":"https:\/\/miners.rocks\/product\/utah-tuerkis-variscit-2\/"},"modified":"2020-05-19T17:05:10","modified_gmt":"2020-05-19T17:05:10","slug":"utah-turquoise-variscit-2","status":"publish","type":"product","link":"https:\/\/westgem.shop\/fr\/produit\/utah-turquoise-variscit-2\/","title":{"rendered":"UTAH \"turquoise\" - VARISCIT"},"content":{"rendered":"<p>Tr\u00e8s belle pierre brute VARISCIT taill\u00e9e d'un c\u00f4t\u00e9 ( NON polie !)<\/p>\n<\/p>\n<p>La VARISCITE est un MIN\u00c9RAL DE CUIVRE qui est \u00e9galement utilis\u00e9 en joaillerie aux \u00c9tats-Unis sous le nom d'\"UTAH T\u00dcRKIS\".<\/p>\n<\/p>\n<p>La VARISCIT n'est toutefois que tr\u00e8s \u00e9loign\u00e9e du min\u00e9ral T\u00dcRKIS - tous deux sont des min\u00e9raux de cuivre.<\/p>\n<\/p>\n<p>localisation de la trouvaille : LONTREE - Light Claim - UTHA\/ USA<\/p>\n<p>Poids : 171 g Dimensions : 9 x 5 x 4 cm<\/p>","protected":false},"excerpt":{"rendered":"<p>La VARISCITE est un min\u00e9ral de cuivre qui est \u00e9galement utilis\u00e9 aux Etats-Unis comme \"UTAH T\u00dcRKIS\" pour la fabrication de bijoux. La VARISCITE n'a qu'un lointain rapport avec le min\u00e9ral T\u00dcRKIS, tous deux sont des min\u00e9raux de cuivre. Localisation de la trouvaille : LONTREE - Light Claim - UTHA\/ USA Poids : 171 g Dimensions : 9 x [...].<\/p>","protected":false},"featured_media":5769,"template":"","meta":{"_acf_changed":false},"region":[],"product_brand":[],"product_cat":[15],"product_tag":[],"class_list":{"0":"post-5768","1":"product","2":"type-product","3":"status-publish","4":"has-post-thumbnail","6":"product_cat-mineralien","8":"first","9":"outofstock","10":"sold-individually","11":"product-type-simple"},"acf":[],"_links":{"self":[{"href":"https:\/\/westgem.shop\/fr\/wp-json\/wp\/v2\/product\/5768","targetHints":{"allow":["GET"]}}],"collection":[{"href":"https:\/\/westgem.shop\/fr\/wp-json\/wp\/v2\/product"}],"about":[{"href":"https:\/\/westgem.shop\/fr\/wp-json\/wp\/v2\/types\/product"}],"wp:featuredmedia":[{"embeddable":true,"href":"https:\/\/westgem.shop\/fr\/wp-json\/wp\/v2\/media\/5769"}],"wp:attachment":[{"href":"https:\/\/westgem.shop\/fr\/wp-json\/wp\/v2\/media?parent=5768"}],"wp:term":[{"taxonomy":"region","embeddable":true,"href":"https:\/\/westgem.shop\/fr\/wp-json\/wp\/v2\/region?post=5768"},{"taxonomy":"product_brand","embeddable":true,"href":"https:\/\/westgem.shop\/fr\/wp-json\/wp\/v2\/product_brand?post=5768"},{"taxonomy":"product_cat","embeddable":true,"href":"https:\/\/westgem.shop\/fr\/wp-json\/wp\/v2\/product_cat?post=5768"},{"taxonomy":"product_tag","embeddable":true,"href":"https:\/\/westgem.shop\/fr\/wp-json\/wp\/v2\/product_tag?post=5768"}],"curies":[{"name":"wp","href":"https:\/\/api.w.org\/{rel}","templated":true}]}}