{"id":5771,"date":"2002-11-17T00:00:00","date_gmt":"2002-11-17T00:00:00","guid":{"rendered":"https:\/\/miners.rocks\/product\/utahtuerkis-variscit\/"},"modified":"2020-05-19T17:05:11","modified_gmt":"2020-05-19T17:05:11","slug":"utahtuerkis-variscit","status":"publish","type":"product","link":"https:\/\/westgem.shop\/fr\/produit\/utahtuerkis-variscit\/","title":{"rendered":"UTAH \"TURQUOISE\" - VARISCIT"},"content":{"rendered":"<p>VARISCIT est un min\u00e9ral de CUIVRE, lointainement apparent\u00e9 \u00e0 la TUERKIS.<\/p>\n<\/p>\n<p>C'est pourquoi cette vari\u00e9t\u00e9 est \u00e9galement utilis\u00e9e, notamment aux \u00c9tats-Unis, pour la fabrication de bijoux (bagues, colliers, boucles de ceinture, etc.) et vendue sous l'appellation \"UTAH T\u00dcRKIS\".<\/p>\n<p> Les pierres ont \u00e9t\u00e9 trouv\u00e9es \u00e0 : Light Claim \u00e0 LONTREE<\/p>\n<p>UTAH - \u00c9TATS-UNIS<\/p>\n<p>Cette pierre est taill\u00e9e d'un c\u00f4t\u00e9 mais pas encore polie.<\/p>\n<p>Poids : 158 g Dimensions : 8,5 x 5 x 4,5 cm<\/p>","protected":false},"excerpt":{"rendered":"<p>La VARISCITE est un min\u00e9ral de CUIVRE, de loin apparent\u00e9 au TURKIS. C'est la raison pour laquelle cette vari\u00e9t\u00e9 est \u00e9galement utilis\u00e9e pour la fabrication de bijoux (bagues, colliers, boucles de ceinture, etc.) et vendue sous la d\u00e9signation \"UTAH T\u00dcRKIS\", en particulier aux \u00c9tats-Unis. Le lieu de d\u00e9couverte de la pierre est : Light Claim \u00e0 LONTREE UTAH - USA Cette pierre est taill\u00e9e d'un c\u00f4t\u00e9 mais pas encore polie. [...]<\/p>","protected":false},"featured_media":5772,"template":"","meta":{"_acf_changed":false},"region":[],"product_brand":[],"product_cat":[15],"product_tag":[],"class_list":{"0":"post-5771","1":"product","2":"type-product","3":"status-publish","4":"has-post-thumbnail","6":"product_cat-mineralien","8":"first","9":"outofstock","10":"sold-individually","11":"product-type-simple"},"acf":[],"_links":{"self":[{"href":"https:\/\/westgem.shop\/fr\/wp-json\/wp\/v2\/product\/5771","targetHints":{"allow":["GET"]}}],"collection":[{"href":"https:\/\/westgem.shop\/fr\/wp-json\/wp\/v2\/product"}],"about":[{"href":"https:\/\/westgem.shop\/fr\/wp-json\/wp\/v2\/types\/product"}],"wp:featuredmedia":[{"embeddable":true,"href":"https:\/\/westgem.shop\/fr\/wp-json\/wp\/v2\/media\/5772"}],"wp:attachment":[{"href":"https:\/\/westgem.shop\/fr\/wp-json\/wp\/v2\/media?parent=5771"}],"wp:term":[{"taxonomy":"region","embeddable":true,"href":"https:\/\/westgem.shop\/fr\/wp-json\/wp\/v2\/region?post=5771"},{"taxonomy":"product_brand","embeddable":true,"href":"https:\/\/westgem.shop\/fr\/wp-json\/wp\/v2\/product_brand?post=5771"},{"taxonomy":"product_cat","embeddable":true,"href":"https:\/\/westgem.shop\/fr\/wp-json\/wp\/v2\/product_cat?post=5771"},{"taxonomy":"product_tag","embeddable":true,"href":"https:\/\/westgem.shop\/fr\/wp-json\/wp\/v2\/product_tag?post=5771"}],"curies":[{"name":"wp","href":"https:\/\/api.w.org\/{rel}","templated":true}]}}