{"id":5777,"date":"2002-11-18T00:00:00","date_gmt":"2002-11-18T00:00:00","guid":{"rendered":"https:\/\/miners.rocks\/product\/bornit-kupfererz-2\/"},"modified":"2020-05-19T17:05:11","modified_gmt":"2020-05-19T17:05:11","slug":"borite-minerai-de-cuivre-2","status":"publish","type":"product","link":"https:\/\/westgem.shop\/fr\/produit\/borite-minerai-de-cuivre-2\/","title":{"rendered":"BORITE - MINERAI DE CUIVRE"},"content":{"rendered":"<p>BORITE - MINERAI DE CUIVRE<\/p>\n<\/p>\n<p>KUFERZ massif - BORNIT = KUPFERKIES COLOR\u00c9S - Violet<\/p>\n<\/p>\n<p>M\u00c9TALLIQUE BRILLANT avec CHALCOPYRIT de couleur or<\/p>\n<\/p>\n<p><u>PAS DE TRAITEMENT ACIDE<\/u> - comme c'est g\u00e9n\u00e9ralement le cas dans le commerce<\/p>\n<\/p>\n<p>quelques surfaces ponc\u00e9es<\/p>\n<p>Mine de San Miguel - DURANGO - Mexique<\/p>\n<p>Poids 230 g Dimensions : 9\u00d76 x 4 cm<\/p>","protected":false},"excerpt":{"rendered":"<p>BORNITE - CUIVRE CUIVRE MASSIF - BORNITE = CUIVRE COLOR\u00c9 - M\u00c9TALLIS\u00c9E Violette avec CHALCOPYRITE DOR\u00c9E NON TRAIT\u00c9E \u00c0 L'ACIDE - comme d'habitude dans le commerce quelques surfaces ponc\u00e9es Mine San Miguel - DURANGO - Mexique Poids 230 g Dimensions : 9\u00d76 x 4 cm<\/p>","protected":false},"featured_media":5778,"template":"","meta":{"_acf_changed":false},"region":[],"product_brand":[],"product_cat":[15],"product_tag":[],"class_list":{"0":"post-5777","1":"product","2":"type-product","3":"status-publish","4":"has-post-thumbnail","6":"product_cat-mineralien","8":"first","9":"outofstock","10":"sold-individually","11":"product-type-simple"},"acf":[],"_links":{"self":[{"href":"https:\/\/westgem.shop\/fr\/wp-json\/wp\/v2\/product\/5777","targetHints":{"allow":["GET"]}}],"collection":[{"href":"https:\/\/westgem.shop\/fr\/wp-json\/wp\/v2\/product"}],"about":[{"href":"https:\/\/westgem.shop\/fr\/wp-json\/wp\/v2\/types\/product"}],"wp:featuredmedia":[{"embeddable":true,"href":"https:\/\/westgem.shop\/fr\/wp-json\/wp\/v2\/media\/5778"}],"wp:attachment":[{"href":"https:\/\/westgem.shop\/fr\/wp-json\/wp\/v2\/media?parent=5777"}],"wp:term":[{"taxonomy":"region","embeddable":true,"href":"https:\/\/westgem.shop\/fr\/wp-json\/wp\/v2\/region?post=5777"},{"taxonomy":"product_brand","embeddable":true,"href":"https:\/\/westgem.shop\/fr\/wp-json\/wp\/v2\/product_brand?post=5777"},{"taxonomy":"product_cat","embeddable":true,"href":"https:\/\/westgem.shop\/fr\/wp-json\/wp\/v2\/product_cat?post=5777"},{"taxonomy":"product_tag","embeddable":true,"href":"https:\/\/westgem.shop\/fr\/wp-json\/wp\/v2\/product_tag?post=5777"}],"curies":[{"name":"wp","href":"https:\/\/api.w.org\/{rel}","templated":true}]}}