{"id":5787,"date":"2002-11-20T00:00:00","date_gmt":"2002-11-20T00:00:00","guid":{"rendered":"https:\/\/miners.rocks\/product\/roter-turmalin-mit-lepidolith\/"},"modified":"2020-05-19T17:05:13","modified_gmt":"2020-05-19T17:05:13","slug":"tourmaline-rouge-avec-lepidolite","status":"publish","type":"product","link":"https:\/\/westgem.shop\/fr\/produit\/tourmaline-rouge-avec-lepidolite\/","title":{"rendered":"TURMALINE rouge avec L\u00c9PIDOLITE"},"content":{"rendered":"<p>Agr\u00e9gats de cristaux d'ELBA\u00cfTE TURMALINE Var. RUBELLITE<\/p>\n<p>avec du FELDSPAT blanc, du quartz et du LITHIUM GLIMMER violet = LEPIDOLITH<\/p>\n<p>localisation de la trouvaille : JOS PLATEAU - NIGERIA<\/p>\n<p>AFRIQUE<\/p>\n<p>Poids : 110 g Dimensions : 7 x 5 x 2 cm<\/p>\n<p>D\u00e9coup\u00e9 sur une face, non poli.<\/p>","protected":false},"excerpt":{"rendered":"<p>Agr\u00e9gats de cristaux d'ELBAITE TURMALINE Var. RUBELLITE avec FELDSPAT blanc, quartz et LITHIUMGLIMMER violet = LEPIDOLITH Lieu de d\u00e9couverte : JOS PLATEAU - NIGERIA AFRIQUE Poids : 110 g Dimensions : 7 x 5 x 2 cm D\u00e9coup\u00e9 sur une face, non poli.<\/p>","protected":false},"featured_media":5788,"template":"","meta":{"_acf_changed":false},"region":[],"product_brand":[],"product_cat":[15],"product_tag":[],"class_list":{"0":"post-5787","1":"product","2":"type-product","3":"status-publish","4":"has-post-thumbnail","6":"product_cat-mineralien","8":"first","9":"outofstock","10":"sold-individually","11":"product-type-simple"},"acf":[],"_links":{"self":[{"href":"https:\/\/westgem.shop\/fr\/wp-json\/wp\/v2\/product\/5787","targetHints":{"allow":["GET"]}}],"collection":[{"href":"https:\/\/westgem.shop\/fr\/wp-json\/wp\/v2\/product"}],"about":[{"href":"https:\/\/westgem.shop\/fr\/wp-json\/wp\/v2\/types\/product"}],"wp:featuredmedia":[{"embeddable":true,"href":"https:\/\/westgem.shop\/fr\/wp-json\/wp\/v2\/media\/5788"}],"wp:attachment":[{"href":"https:\/\/westgem.shop\/fr\/wp-json\/wp\/v2\/media?parent=5787"}],"wp:term":[{"taxonomy":"region","embeddable":true,"href":"https:\/\/westgem.shop\/fr\/wp-json\/wp\/v2\/region?post=5787"},{"taxonomy":"product_brand","embeddable":true,"href":"https:\/\/westgem.shop\/fr\/wp-json\/wp\/v2\/product_brand?post=5787"},{"taxonomy":"product_cat","embeddable":true,"href":"https:\/\/westgem.shop\/fr\/wp-json\/wp\/v2\/product_cat?post=5787"},{"taxonomy":"product_tag","embeddable":true,"href":"https:\/\/westgem.shop\/fr\/wp-json\/wp\/v2\/product_tag?post=5787"}],"curies":[{"name":"wp","href":"https:\/\/api.w.org\/{rel}","templated":true}]}}