{"id":579,"date":"2000-03-12T00:00:00","date_gmt":"2000-03-12T00:00:00","guid":{"rendered":"https:\/\/miners.rocks\/product\/122\/"},"modified":"2020-05-19T16:55:45","modified_gmt":"2020-05-19T16:55:45","slug":"grenat-grossulaire-xx","status":"publish","type":"product","link":"https:\/\/westgem.shop\/fr\/produit\/grenat-grossulaire-xx\/","title":{"rendered":"Grossulaire GRANAT xx"},"content":{"rendered":"<p>En anglais, cette vari\u00e9t\u00e9 de grenat est appel\u00e9e \" Rasberry Garnet \", en raison de sa couleur particuli\u00e8re.<\/p>\n<p>Les marches de premi\u00e8re qualit\u00e9 avec de gros cristaux jusqu'\u00e0 3 cm sont rares et relativement ch\u00e8res.<\/p>\n<p>localisation de la trouvaille : Sierra de Cruces, Coahuila , Mexique<\/p>\n<p>Poids : 340 g Dimensions : 11 x 5 x 4 cm<\/p>","protected":false},"excerpt":{"rendered":"<p>En anglais, cette vari\u00e9t\u00e9 de grenat est appel\u00e9e \"Rasberry Garnet\", en raison de sa couleur particuli\u00e8re. Les niveaux de qualit\u00e9 sup\u00e9rieure avec de grands cristaux jusqu'\u00e0 3 cm sont rares et relativement chers. Lieu de d\u00e9couverte : Sierra de Cruces, Coahuila, Mexique Poids : 340 g Dimensions : 11 x 5 x 4 cm<\/p>","protected":false},"featured_media":580,"template":"","meta":{"_acf_changed":false},"region":[],"product_brand":[],"product_cat":[15],"product_tag":[],"class_list":{"0":"post-579","1":"product","2":"type-product","3":"status-publish","4":"has-post-thumbnail","6":"product_cat-mineralien","8":"first","9":"outofstock","10":"sold-individually","11":"product-type-simple"},"acf":[],"_links":{"self":[{"href":"https:\/\/westgem.shop\/fr\/wp-json\/wp\/v2\/product\/579","targetHints":{"allow":["GET"]}}],"collection":[{"href":"https:\/\/westgem.shop\/fr\/wp-json\/wp\/v2\/product"}],"about":[{"href":"https:\/\/westgem.shop\/fr\/wp-json\/wp\/v2\/types\/product"}],"wp:featuredmedia":[{"embeddable":true,"href":"https:\/\/westgem.shop\/fr\/wp-json\/wp\/v2\/media\/580"}],"wp:attachment":[{"href":"https:\/\/westgem.shop\/fr\/wp-json\/wp\/v2\/media?parent=579"}],"wp:term":[{"taxonomy":"region","embeddable":true,"href":"https:\/\/westgem.shop\/fr\/wp-json\/wp\/v2\/region?post=579"},{"taxonomy":"product_brand","embeddable":true,"href":"https:\/\/westgem.shop\/fr\/wp-json\/wp\/v2\/product_brand?post=579"},{"taxonomy":"product_cat","embeddable":true,"href":"https:\/\/westgem.shop\/fr\/wp-json\/wp\/v2\/product_cat?post=579"},{"taxonomy":"product_tag","embeddable":true,"href":"https:\/\/westgem.shop\/fr\/wp-json\/wp\/v2\/product_tag?post=579"}],"curies":[{"name":"wp","href":"https:\/\/api.w.org\/{rel}","templated":true}]}}